{"id":948,"date":"2024-10-03T10:36:06","date_gmt":"2024-10-03T10:36:06","guid":{"rendered":"https:\/\/age-thea.eu\/?page_id=948"},"modified":"2025-06-25T07:48:06","modified_gmt":"2025-06-25T07:48:06","slug":"report_it","status":"publish","type":"page","link":"https:\/\/age-thea.eu\/?page_id=948","title":{"rendered":"Report_IT"},"content":{"rendered":"\t\t<div data-elementor-type=\"wp-page\" data-elementor-id=\"948\" class=\"elementor elementor-948\">\n\t\t\t\t<div class=\"elementor-element elementor-element-0eaa175 elementor-hidden-desktop elementor-hidden-tablet e-flex e-con-boxed e-con e-parent\" data-id=\"0eaa175\" data-element_type=\"container\" data-e-type=\"container\">\n\t\t\t\t\t<div class=\"e-con-inner\">\n\t\t<div class=\"elementor-element elementor-element-c4166b6 e-con-full e-flex e-con e-child\" data-id=\"c4166b6\" data-element_type=\"container\" data-e-type=\"container\">\n\t\t\t\t<div class=\"elementor-element elementor-element-56870b3 elementor-widget elementor-widget-text-editor\" data-id=\"56870b3\" data-element_type=\"widget\" data-e-type=\"widget\" data-widget_type=\"text-editor.default\">\n\t\t\t\t<div class=\"elementor-widget-container\">\n\t\t\t\t\t\t\t\t\t<p><a href=\"https:\/\/age-thea.eu\/?page_id=937\">\ud83c\uddec\ud83c\udde7<\/a> I <a href=\"https:\/\/age-thea.eu\/?page_id=705\">\ud83c\uddf5\ud83c\uddf9<\/a> I <a href=\"https:\/\/age-thea.eu\/?page_id=944\">\ud83c\uddec\ud83c\uddf7<\/a> I <span class=\"x19la9d6 x1fc57z9 x6ikm8r x10wlt62 x19co3pv x1g5zs5t xfibh0p xiy17q3 x1xsqp64 x1lkfr7t xexx8yu x4uap5 x18d9i69 xkhd6sd\"><span class=\"xrtxmta x1bhl96m\"><a href=\"https:\/\/age-thea.eu\/?page_id=948\">\ud83c\uddee\ud83c\uddf9<\/a> I <a href=\"https:\/\/age-thea.eu\/?page_id=946\">\ud83c\uddf7\ud83c\uddf4<\/a><\/span><\/span><\/p>\t\t\t\t\t\t\t\t<\/div>\n\t\t\t\t<\/div>\n\t\t\t\t<\/div>\n\t\t<div class=\"elementor-element elementor-element-d958f09 e-con-full e-flex e-con e-child\" data-id=\"d958f09\" data-element_type=\"container\" data-e-type=\"container\">\n\t\t\t\t<div class=\"elementor-element elementor-element-8fdbf40 elementor-widget elementor-widget-image\" data-id=\"8fdbf40\" data-element_type=\"widget\" data-e-type=\"widget\" data-widget_type=\"image.default\">\n\t\t\t\t<div class=\"elementor-widget-container\">\n\t\t\t\t\t\t\t\t\t\t\t\t\t\t\t\t<a href=\"https:\/\/age-thea.eu\/?page_id=443\">\n\t\t\t\t\t\t\t<img decoding=\"async\" width=\"150\" height=\"150\" src=\"https:\/\/age-thea.eu\/wp-content\/uploads\/2024\/06\/cropped-cropped-Age_THEA-150x150.png\" class=\"attachment-thumbnail size-thumbnail wp-image-14\" alt=\"\" srcset=\"https:\/\/age-thea.eu\/wp-content\/uploads\/2024\/06\/cropped-cropped-Age_THEA-150x150.png 150w, https:\/\/age-thea.eu\/wp-content\/uploads\/2024\/06\/cropped-cropped-Age_THEA-300x300.png 300w, https:\/\/age-thea.eu\/wp-content\/uploads\/2024\/06\/cropped-cropped-Age_THEA-270x270.png 270w, https:\/\/age-thea.eu\/wp-content\/uploads\/2024\/06\/cropped-cropped-Age_THEA-192x192.png 192w, https:\/\/age-thea.eu\/wp-content\/uploads\/2024\/06\/cropped-cropped-Age_THEA-180x180.png 180w, https:\/\/age-thea.eu\/wp-content\/uploads\/2024\/06\/cropped-cropped-Age_THEA-32x32.png 32w, https:\/\/age-thea.eu\/wp-content\/uploads\/2024\/06\/cropped-cropped-Age_THEA.png 512w\" sizes=\"(max-width: 150px) 100vw, 150px\" \/>\t\t\t\t\t\t\t\t<\/a>\n\t\t\t\t\t\t\t\t\t\t\t\t\t\t\t<\/div>\n\t\t\t\t<\/div>\n\t\t\t\t<\/div>\n\t\t\t\t\t<\/div>\n\t\t\t\t<\/div>\n\t\t<div class=\"elementor-element elementor-element-d192f0d elementor-hidden-mobile e-flex e-con-boxed e-con e-parent\" data-id=\"d192f0d\" data-element_type=\"container\" data-e-type=\"container\">\n\t\t\t\t\t<div class=\"e-con-inner\">\n\t\t<div class=\"elementor-element elementor-element-561d3ec e-con-full e-flex e-con e-child\" data-id=\"561d3ec\" data-element_type=\"container\" data-e-type=\"container\">\n\t\t\t\t<div class=\"elementor-element elementor-element-7199f3e elementor-widget elementor-widget-text-editor\" data-id=\"7199f3e\" data-element_type=\"widget\" data-e-type=\"widget\" data-widget_type=\"text-editor.default\">\n\t\t\t\t<div class=\"elementor-widget-container\">\n\t\t\t\t\t\t\t\t\t<p><a href=\"https:\/\/age-thea.eu\/?page_id=937\">\ud83c\uddec\ud83c\udde7<\/a> I <a href=\"https:\/\/age-thea.eu\/?page_id=705\">\ud83c\uddf5\ud83c\uddf9<\/a> I <a href=\"https:\/\/age-thea.eu\/?page_id=944\">\ud83c\uddec\ud83c\uddf7<\/a> I <span class=\"x19la9d6 x1fc57z9 x6ikm8r x10wlt62 x19co3pv x1g5zs5t xfibh0p xiy17q3 x1xsqp64 x1lkfr7t xexx8yu x4uap5 x18d9i69 xkhd6sd\"><span class=\"xrtxmta x1bhl96m\"><a href=\"https:\/\/age-thea.eu\/?page_id=948\">\ud83c\uddee\ud83c\uddf9<\/a> I <a href=\"https:\/\/age-thea.eu\/?page_id=946\">\ud83c\uddf7\ud83c\uddf4<\/a><\/span><\/span><\/p>\t\t\t\t\t\t\t\t<\/div>\n\t\t\t\t<\/div>\n\t\t\t\t<\/div>\n\t\t<div class=\"elementor-element elementor-element-cead1fd e-con-full e-flex e-con e-child\" data-id=\"cead1fd\" data-element_type=\"container\" data-e-type=\"container\">\n\t\t\t\t<div class=\"elementor-element elementor-element-f8694a8 elementor-widget elementor-widget-image\" data-id=\"f8694a8\" data-element_type=\"widget\" data-e-type=\"widget\" data-widget_type=\"image.default\">\n\t\t\t\t<div class=\"elementor-widget-container\">\n\t\t\t\t\t\t\t\t\t\t\t\t\t\t\t\t<a href=\"https:\/\/age-thea.eu\/?page_id=443\">\n\t\t\t\t\t\t\t<img fetchpriority=\"high\" decoding=\"async\" width=\"512\" height=\"512\" src=\"https:\/\/age-thea.eu\/wp-content\/uploads\/2024\/06\/cropped-cropped-Age_THEA.png\" class=\"attachment-large size-large wp-image-14\" alt=\"\" srcset=\"https:\/\/age-thea.eu\/wp-content\/uploads\/2024\/06\/cropped-cropped-Age_THEA.png 512w, https:\/\/age-thea.eu\/wp-content\/uploads\/2024\/06\/cropped-cropped-Age_THEA-300x300.png 300w, https:\/\/age-thea.eu\/wp-content\/uploads\/2024\/06\/cropped-cropped-Age_THEA-150x150.png 150w, https:\/\/age-thea.eu\/wp-content\/uploads\/2024\/06\/cropped-cropped-Age_THEA-270x270.png 270w, https:\/\/age-thea.eu\/wp-content\/uploads\/2024\/06\/cropped-cropped-Age_THEA-192x192.png 192w, https:\/\/age-thea.eu\/wp-content\/uploads\/2024\/06\/cropped-cropped-Age_THEA-180x180.png 180w, https:\/\/age-thea.eu\/wp-content\/uploads\/2024\/06\/cropped-cropped-Age_THEA-32x32.png 32w\" sizes=\"(max-width: 512px) 100vw, 512px\" \/>\t\t\t\t\t\t\t\t<\/a>\n\t\t\t\t\t\t\t\t\t\t\t\t\t\t\t<\/div>\n\t\t\t\t<\/div>\n\t\t\t\t<\/div>\n\t\t<div class=\"elementor-element elementor-element-9bbedf5 e-con-full e-flex e-con e-child\" data-id=\"9bbedf5\" data-element_type=\"container\" data-e-type=\"container\">\n\t\t\t\t<\/div>\n\t\t\t\t\t<\/div>\n\t\t\t\t<\/div>\n\t\t<div class=\"elementor-element elementor-element-6bf33e6 e-con-full elementor-hidden-desktop elementor-hidden-tablet e-flex e-con e-parent\" data-id=\"6bf33e6\" data-element_type=\"container\" data-e-type=\"container\" data-settings=\"{&quot;background_background&quot;:&quot;classic&quot;}\">\n\t\t<div class=\"elementor-element elementor-element-4c296d0 e-con-full e-flex e-con e-child\" data-id=\"4c296d0\" data-element_type=\"container\" data-e-type=\"container\">\n\t\t\t\t<div class=\"elementor-element elementor-element-d673c9e elementor-widget elementor-widget-text-editor\" data-id=\"d673c9e\" data-element_type=\"widget\" data-e-type=\"widget\" data-widget_type=\"text-editor.default\">\n\t\t\t\t<div class=\"elementor-widget-container\">\n\t\t\t\t\t\t\t\t\t<p><a href=\"https:\/\/age-thea.eu\/?page_id=443\">Pagina iniziale<\/a>\u00a0 | <a href=\"https:\/\/age-thea.eu\/?page_id=463\">Chi siamo<\/a> | <a href=\"https:\/\/age-thea.eu\/?page_id=491\">Risultati del progetto<\/a> | <a href=\"https:\/\/age-thea.eu\/?page_id=477\">Partner<\/a> | <a href=\"https:\/\/age-thea.eu\/?page_id=507\">Piattaforma di formazione<\/a> | <a href=\"https:\/\/age-thea.eu\/?page_id=516\">Contatti<\/a> | <a href=\"https:\/\/age-thea.eu\/?page_id=1075\">News<\/a><\/p>\t\t\t\t\t\t\t\t<\/div>\n\t\t\t\t<\/div>\n\t\t\t\t<\/div>\n\t\t\t\t<\/div>\n\t\t<div class=\"elementor-element elementor-element-c5f39a1 e-con-full elementor-hidden-mobile e-flex e-con e-parent\" data-id=\"c5f39a1\" data-element_type=\"container\" data-e-type=\"container\" data-settings=\"{&quot;background_background&quot;:&quot;classic&quot;}\">\n\t\t<div class=\"elementor-element elementor-element-fb4cc72 e-con-full e-flex e-con e-child\" data-id=\"fb4cc72\" data-element_type=\"container\" data-e-type=\"container\">\n\t\t\t\t<div class=\"elementor-element elementor-element-fe3ce58 elementor-widget elementor-widget-text-editor\" data-id=\"fe3ce58\" data-element_type=\"widget\" data-e-type=\"widget\" data-widget_type=\"text-editor.default\">\n\t\t\t\t<div class=\"elementor-widget-container\">\n\t\t\t\t\t\t\t\t\t<p><a href=\"https:\/\/age-thea.eu\/?page_id=443\">Pagina iniziale<\/a>\u00a0 | <a href=\"https:\/\/age-thea.eu\/?page_id=463\">Chi siamo<\/a> | <a href=\"https:\/\/age-thea.eu\/?page_id=491\">Risultati del progetto<\/a> | <a href=\"https:\/\/age-thea.eu\/?page_id=477\">Partner<\/a> | <a href=\"https:\/\/age-thea.eu\/?page_id=507\">Piattaforma di formazione<\/a> | <a href=\"https:\/\/age-thea.eu\/?page_id=516\">Contatti<\/a> | <a href=\"https:\/\/age-thea.eu\/?page_id=1075\">News<\/a><\/p>\t\t\t\t\t\t\t\t<\/div>\n\t\t\t\t<\/div>\n\t\t\t\t<\/div>\n\t\t\t\t<\/div>\n\t\t<div class=\"elementor-element elementor-element-c63f03e elementor-hidden-tablet elementor-hidden-mobile e-flex e-con-boxed e-con e-parent\" data-id=\"c63f03e\" data-element_type=\"container\" data-e-type=\"container\">\n\t\t\t\t\t<div class=\"e-con-inner\">\n\t\t\t\t<div class=\"elementor-element elementor-element-185361e elementor-widget elementor-widget-shortcode\" data-id=\"185361e\" data-element_type=\"widget\" data-e-type=\"widget\" data-widget_type=\"shortcode.default\">\n\t\t\t\t<div class=\"elementor-widget-container\">\n\t\t\t\t\t\t\t<div class=\"elementor-shortcode\"><\/div>\n\t\t\t\t\t\t<\/div>\n\t\t\t\t<\/div>\n\t\t\t\t\t<\/div>\n\t\t\t\t<\/div>\n\t\t<div class=\"elementor-element elementor-element-a0ce072 elementor-hidden-desktop e-flex e-con-boxed e-con e-parent\" data-id=\"a0ce072\" data-element_type=\"container\" data-e-type=\"container\">\n\t\t\t\t\t<div class=\"e-con-inner\">\n\t\t\t\t<div class=\"elementor-element elementor-element-198ee34 elementor-widget elementor-widget-shortcode\" data-id=\"198ee34\" data-element_type=\"widget\" data-e-type=\"widget\" data-widget_type=\"shortcode.default\">\n\t\t\t\t<div class=\"elementor-widget-container\">\n\t\t\t\t\t\t\t<div class=\"elementor-shortcode\"><\/div>\n\t\t\t\t\t\t<\/div>\n\t\t\t\t<\/div>\n\t\t\t\t\t<\/div>\n\t\t\t\t<\/div>\n\t\t<div class=\"elementor-element elementor-element-6e5e385 e-flex e-con-boxed e-con e-parent\" data-id=\"6e5e385\" data-element_type=\"container\" data-e-type=\"container\">\n\t\t\t\t\t<div class=\"e-con-inner\">\n\t\t\t\t<div class=\"elementor-element elementor-element-f24ad8e elementor-widget elementor-widget-spacer\" data-id=\"f24ad8e\" data-element_type=\"widget\" data-e-type=\"widget\" data-widget_type=\"spacer.default\">\n\t\t\t\t<div class=\"elementor-widget-container\">\n\t\t\t\t\t\t\t<div class=\"elementor-spacer\">\n\t\t\t<div class=\"elementor-spacer-inner\"><\/div>\n\t\t<\/div>\n\t\t\t\t\t\t<\/div>\n\t\t\t\t<\/div>\n\t\t\t\t\t<\/div>\n\t\t\t\t<\/div>\n\t\t<div class=\"elementor-element elementor-element-7503eea e-flex e-con-boxed e-con e-parent\" data-id=\"7503eea\" data-element_type=\"container\" data-e-type=\"container\">\n\t\t\t\t\t<div class=\"e-con-inner\">\n\t\t\t\t<div class=\"elementor-element elementor-element-1804f03 elementor-widget__width-initial elementor-widget elementor-widget-text-editor\" data-id=\"1804f03\" data-element_type=\"widget\" data-e-type=\"widget\" data-widget_type=\"text-editor.default\">\n\t\t\t\t<div class=\"elementor-widget-container\">\n\t\t\t\t\t\t\t\t\t<p class=\"p1\"><b>Report di analisi sul ruolo del teatro per migliorare il benessere psicosociale degli anziani<\/b><\/p>\t\t\t\t\t\t\t\t<\/div>\n\t\t\t\t<\/div>\n\t\t\t\t<div class=\"elementor-element elementor-element-acda992 elementor-widget elementor-widget-text-editor\" data-id=\"acda992\" data-element_type=\"widget\" data-e-type=\"widget\" data-widget_type=\"text-editor.default\">\n\t\t\t\t<div class=\"elementor-widget-container\">\n\t\t\t\t\t\t\t\t\t<p>Il Work Package di Analisi e Valutazione (WP2) del progetto mira a studiare il ruolo e l&#8217;impatto del teatro sul benessere psicosociale delle persone anziane, in particolare quelle affette da demenza, disturbi neurologici, morbo di Alzheimer e quelli con basso reddito e in condizioni di discriminazione e isolamento, aggravate dalla pandemia di COVID-19. Si allinea con l&#8217;obiettivo pi\u00f9 ampio del progetto di indagare come le attivit\u00e0 culturali e teatrali possono combattere gli effetti negativi della pandemia sulla salute psicosociale degli anziani. I risultati principali includono un&#8217;analisi dettagliata sul ruolo del teatro nella prevenzione e nel trattamento dei problemi di salute mentale tra gli anziani, indagini nazionali, lavoro sul campo in diversi Paesi e un report su &#8220;Il ruolo del teatro per migliorare il benessere psicosociale degli anziani&#8221;. Ogni organizzazione partner contribuisce al WP secondo la sua esperienza, con l&#8217;Universit\u00e0 di West Attica (UNIWA) leader della fase. UNIWA sovrintende allo sviluppo del report di analisi, con ogni partner che conduce attivit\u00e0 di ricerca e sul campo nel proprio Paese. EDRA valuta la qualit\u00e0 del report, mentre RC gestisce le attivit\u00e0 di divulgazione.<\/p>\t\t\t\t\t\t\t\t<\/div>\n\t\t\t\t<\/div>\n\t\t\t\t<div class=\"elementor-element elementor-element-e48bd2e elementor-widget elementor-widget-shortcode\" data-id=\"e48bd2e\" data-element_type=\"widget\" data-e-type=\"widget\" data-widget_type=\"shortcode.default\">\n\t\t\t\t<div class=\"elementor-widget-container\">\n\t\t\t\t\t\t\t<div class=\"elementor-shortcode\"><div class=\"_df_book df-lite\" id=\"df_950\"  _slug=\"report_it\" data-title=\"report_it\" wpoptions=\"true\" thumbtype=\"\" ><\/div><script class=\"df-shortcode-script\" nowprocket type=\"application\/javascript\">window.option_df_950 = {\"outline\":[],\"autoEnableOutline\":\"false\",\"autoEnableThumbnail\":\"false\",\"overwritePDFOutline\":\"false\",\"direction\":\"1\",\"pageSize\":\"0\",\"source\":\"https:\\\/\\\/age-thea.eu\\\/wp-content\\\/uploads\\\/2024\\\/10\\\/AGE_THEA-WP2-REPORT_ITALIAN.pdf\",\"wpOptions\":\"true\"}; if(window.DFLIP && window.DFLIP.parseBooks){window.DFLIP.parseBooks();}<\/script><\/div>\n\t\t\t\t\t\t<\/div>\n\t\t\t\t<\/div>\n\t\t\t\t<div class=\"elementor-element elementor-element-c7a2eb5 elementor-align-center elementor-widget elementor-widget-button\" data-id=\"c7a2eb5\" data-element_type=\"widget\" data-e-type=\"widget\" data-widget_type=\"button.default\">\n\t\t\t\t<div class=\"elementor-widget-container\">\n\t\t\t\t\t\t\t\t\t<div class=\"elementor-button-wrapper\">\n\t\t\t\t\t<a class=\"elementor-button elementor-button-link elementor-size-sm\" href=\"https:\/\/age-thea.eu?download=1283&#038;tmstv=1728657498\">\n\t\t\t\t\t\t<span class=\"elementor-button-content-wrapper\">\n\t\t\t\t\t\t\t\t\t<span class=\"elementor-button-text\">Scaricare<\/span>\n\t\t\t\t\t<\/span>\n\t\t\t\t\t<\/a>\n\t\t\t\t<\/div>\n\t\t\t\t\t\t\t\t<\/div>\n\t\t\t\t<\/div>\n\t\t\t\t<div class=\"elementor-element elementor-element-96e2018 elementor-widget elementor-widget-spacer\" data-id=\"96e2018\" data-element_type=\"widget\" data-e-type=\"widget\" data-widget_type=\"spacer.default\">\n\t\t\t\t<div class=\"elementor-widget-container\">\n\t\t\t\t\t\t\t<div class=\"elementor-spacer\">\n\t\t\t<div class=\"elementor-spacer-inner\"><\/div>\n\t\t<\/div>\n\t\t\t\t\t\t<\/div>\n\t\t\t\t<\/div>\n\t\t\t\t\t<\/div>\n\t\t\t\t<\/div>\n\t\t<div class=\"elementor-element elementor-element-9a3a982 e-flex e-con-boxed e-con e-parent\" data-id=\"9a3a982\" data-element_type=\"container\" data-e-type=\"container\" data-settings=\"{&quot;background_background&quot;:&quot;classic&quot;}\">\n\t\t\t\t\t<div class=\"e-con-inner\">\n\t\t<div class=\"elementor-element elementor-element-a6d00dc e-con-full e-flex e-con e-child\" data-id=\"a6d00dc\" data-element_type=\"container\" data-e-type=\"container\">\n\t\t\t\t<\/div>\n\t\t<div class=\"elementor-element elementor-element-606b40b e-con-full e-flex e-con e-child\" data-id=\"606b40b\" data-element_type=\"container\" data-e-type=\"container\">\n\t\t\t\t<div class=\"elementor-element elementor-element-1c1f1db elementor-widget elementor-widget-spacer\" data-id=\"1c1f1db\" data-element_type=\"widget\" data-e-type=\"widget\" data-widget_type=\"spacer.default\">\n\t\t\t\t<div class=\"elementor-widget-container\">\n\t\t\t\t\t\t\t<div class=\"elementor-spacer\">\n\t\t\t<div class=\"elementor-spacer-inner\"><\/div>\n\t\t<\/div>\n\t\t\t\t\t\t<\/div>\n\t\t\t\t<\/div>\n\t\t\t\t<div class=\"elementor-element elementor-element-5636b45 elementor-widget elementor-widget-image\" data-id=\"5636b45\" data-element_type=\"widget\" data-e-type=\"widget\" data-widget_type=\"image.default\">\n\t\t\t\t<div class=\"elementor-widget-container\">\n\t\t\t\t\t\t\t\t\t\t\t\t\t\t\t<img decoding=\"async\" width=\"300\" height=\"67\" src=\"https:\/\/age-thea.eu\/wp-content\/uploads\/2024\/11\/Italian_Co-fundedbytheEU_RGB_POS-300x67.png\" class=\"attachment-medium size-medium wp-image-1365\" alt=\"\" srcset=\"https:\/\/age-thea.eu\/wp-content\/uploads\/2024\/11\/Italian_Co-fundedbytheEU_RGB_POS-300x67.png 300w, https:\/\/age-thea.eu\/wp-content\/uploads\/2024\/11\/Italian_Co-fundedbytheEU_RGB_POS-1024x227.png 1024w, https:\/\/age-thea.eu\/wp-content\/uploads\/2024\/11\/Italian_Co-fundedbytheEU_RGB_POS-768x170.png 768w, https:\/\/age-thea.eu\/wp-content\/uploads\/2024\/11\/Italian_Co-fundedbytheEU_RGB_POS-1536x341.png 1536w, https:\/\/age-thea.eu\/wp-content\/uploads\/2024\/11\/Italian_Co-fundedbytheEU_RGB_POS-2048x454.png 2048w\" sizes=\"(max-width: 300px) 100vw, 300px\" \/>\t\t\t\t\t\t\t\t\t\t\t\t\t\t\t<\/div>\n\t\t\t\t<\/div>\n\t\t\t\t<div class=\"elementor-element elementor-element-183286a elementor-widget elementor-widget-text-editor\" data-id=\"183286a\" data-element_type=\"widget\" data-e-type=\"widget\" data-widget_type=\"text-editor.default\">\n\t\t\t\t<div class=\"elementor-widget-container\">\n\t\t\t\t\t\t\t\t\t<p>Project no. 2 02 3 &#8211; 1 &#8211; R O 01 &#8211; K A 2 2 0 &#8211; A D U &#8211; 0001 6 09 7 3<\/p><p>Funded by the European Union. The views and opinions expressed are solely those of the author(s) and do not necessarily reflect the views and opinions of the European Union or the National Agency for Community Programs in the Field of Education and Vocational Training (ANPCDEFP). Neither the European Union nor ANPCDEFP can be held responsible for them.<\/p>\t\t\t\t\t\t\t\t<\/div>\n\t\t\t\t<\/div>\n\t\t\t\t<div class=\"elementor-element elementor-element-d805a52 elementor-widget elementor-widget-spacer\" data-id=\"d805a52\" data-element_type=\"widget\" data-e-type=\"widget\" data-widget_type=\"spacer.default\">\n\t\t\t\t<div class=\"elementor-widget-container\">\n\t\t\t\t\t\t\t<div class=\"elementor-spacer\">\n\t\t\t<div class=\"elementor-spacer-inner\"><\/div>\n\t\t<\/div>\n\t\t\t\t\t\t<\/div>\n\t\t\t\t<\/div>\n\t\t\t\t<\/div>\n\t\t<div class=\"elementor-element elementor-element-bc8724f e-con-full e-flex e-con e-child\" data-id=\"bc8724f\" data-element_type=\"container\" data-e-type=\"container\">\n\t\t\t\t<\/div>\n\t\t\t\t\t<\/div>\n\t\t\t\t<\/div>\n\t\t\t\t<\/div>\n\t\t","protected":false},"excerpt":{"rendered":"<p>\ud83c\uddec\ud83c\udde7 I \ud83c\uddf5\ud83c\uddf9 I \ud83c\uddec\ud83c\uddf7 I \ud83c\uddee\ud83c\uddf9 I \ud83c\uddf7\ud83c\uddf4 \ud83c\uddec\ud83c\udde7 I \ud83c\uddf5\ud83c\uddf9 I \ud83c\uddec\ud83c\uddf7 I \ud83c\uddee\ud83c\uddf9 I \ud83c\uddf7\ud83c\uddf4 Pagina iniziale\u00a0 | Chi siamo | Risultati&hellip;<\/p>\n","protected":false},"author":1,"featured_media":0,"parent":0,"menu_order":0,"comment_status":"closed","ping_status":"closed","template":"elementor_canvas","meta":{"footnotes":""},"class_list":["post-948","page","type-page","status-publish","hentry"],"jetpack_sharing_enabled":true,"jetpack_likes_enabled":true,"_links":{"self":[{"href":"https:\/\/age-thea.eu\/index.php?rest_route=\/wp\/v2\/pages\/948","targetHints":{"allow":["GET"]}}],"collection":[{"href":"https:\/\/age-thea.eu\/index.php?rest_route=\/wp\/v2\/pages"}],"about":[{"href":"https:\/\/age-thea.eu\/index.php?rest_route=\/wp\/v2\/types\/page"}],"author":[{"embeddable":true,"href":"https:\/\/age-thea.eu\/index.php?rest_route=\/wp\/v2\/users\/1"}],"replies":[{"embeddable":true,"href":"https:\/\/age-thea.eu\/index.php?rest_route=%2Fwp%2Fv2%2Fcomments&post=948"}],"version-history":[{"count":31,"href":"https:\/\/age-thea.eu\/index.php?rest_route=\/wp\/v2\/pages\/948\/revisions"}],"predecessor-version":[{"id":5256,"href":"https:\/\/age-thea.eu\/index.php?rest_route=\/wp\/v2\/pages\/948\/revisions\/5256"}],"wp:attachment":[{"href":"https:\/\/age-thea.eu\/index.php?rest_route=%2Fwp%2Fv2%2Fmedia&parent=948"}],"curies":[{"name":"wp","href":"https:\/\/api.w.org\/{rel}","templated":true}]}}