{"id":946,"date":"2024-10-03T10:35:59","date_gmt":"2024-10-03T10:35:59","guid":{"rendered":"https:\/\/age-thea.eu\/?page_id=946"},"modified":"2025-06-25T07:55:22","modified_gmt":"2025-06-25T07:55:22","slug":"report_ro","status":"publish","type":"page","link":"https:\/\/age-thea.eu\/?page_id=946","title":{"rendered":"Report_RO"},"content":{"rendered":"\t\t<div data-elementor-type=\"wp-page\" data-elementor-id=\"946\" class=\"elementor elementor-946\">\n\t\t\t\t<div class=\"elementor-element elementor-element-e27de52 elementor-hidden-desktop elementor-hidden-tablet e-flex e-con-boxed e-con e-parent\" data-id=\"e27de52\" data-element_type=\"container\" data-e-type=\"container\">\n\t\t\t\t\t<div class=\"e-con-inner\">\n\t\t<div class=\"elementor-element elementor-element-389f13c e-con-full e-flex e-con e-child\" data-id=\"389f13c\" data-element_type=\"container\" data-e-type=\"container\">\n\t\t\t\t<div class=\"elementor-element elementor-element-513d711 elementor-widget elementor-widget-text-editor\" data-id=\"513d711\" data-element_type=\"widget\" data-e-type=\"widget\" data-widget_type=\"text-editor.default\">\n\t\t\t\t<div class=\"elementor-widget-container\">\n\t\t\t\t\t\t\t\t\t<p><a href=\"https:\/\/age-thea.eu\/?page_id=937\">\ud83c\uddec\ud83c\udde7<\/a> I <a href=\"https:\/\/age-thea.eu\/?page_id=705\">\ud83c\uddf5\ud83c\uddf9<\/a> I <a href=\"https:\/\/age-thea.eu\/?page_id=944\">\ud83c\uddec\ud83c\uddf7<\/a> I <span class=\"x19la9d6 x1fc57z9 x6ikm8r x10wlt62 x19co3pv x1g5zs5t xfibh0p xiy17q3 x1xsqp64 x1lkfr7t xexx8yu x4uap5 x18d9i69 xkhd6sd\"><span class=\"xrtxmta x1bhl96m\"><a href=\"https:\/\/age-thea.eu\/?page_id=948\">\ud83c\uddee\ud83c\uddf9<\/a> I <a href=\"https:\/\/age-thea.eu\/?page_id=946\">\ud83c\uddf7\ud83c\uddf4<\/a><\/span><\/span><\/p>\t\t\t\t\t\t\t\t<\/div>\n\t\t\t\t<\/div>\n\t\t\t\t<\/div>\n\t\t<div class=\"elementor-element elementor-element-73f3a63 e-con-full e-flex e-con e-child\" data-id=\"73f3a63\" data-element_type=\"container\" data-e-type=\"container\">\n\t\t\t\t<div class=\"elementor-element elementor-element-2b603e1 elementor-widget elementor-widget-image\" data-id=\"2b603e1\" data-element_type=\"widget\" data-e-type=\"widget\" data-widget_type=\"image.default\">\n\t\t\t\t<div class=\"elementor-widget-container\">\n\t\t\t\t\t\t\t\t\t\t\t\t\t\t\t\t<a href=\"https:\/\/age-thea.eu\/?page_id=742\">\n\t\t\t\t\t\t\t<img decoding=\"async\" width=\"150\" height=\"150\" src=\"https:\/\/age-thea.eu\/wp-content\/uploads\/2024\/06\/cropped-cropped-Age_THEA-150x150.png\" class=\"attachment-thumbnail size-thumbnail wp-image-14\" alt=\"\" srcset=\"https:\/\/age-thea.eu\/wp-content\/uploads\/2024\/06\/cropped-cropped-Age_THEA-150x150.png 150w, https:\/\/age-thea.eu\/wp-content\/uploads\/2024\/06\/cropped-cropped-Age_THEA-300x300.png 300w, https:\/\/age-thea.eu\/wp-content\/uploads\/2024\/06\/cropped-cropped-Age_THEA-270x270.png 270w, https:\/\/age-thea.eu\/wp-content\/uploads\/2024\/06\/cropped-cropped-Age_THEA-192x192.png 192w, https:\/\/age-thea.eu\/wp-content\/uploads\/2024\/06\/cropped-cropped-Age_THEA-180x180.png 180w, https:\/\/age-thea.eu\/wp-content\/uploads\/2024\/06\/cropped-cropped-Age_THEA-32x32.png 32w, https:\/\/age-thea.eu\/wp-content\/uploads\/2024\/06\/cropped-cropped-Age_THEA.png 512w\" sizes=\"(max-width: 150px) 100vw, 150px\" \/>\t\t\t\t\t\t\t\t<\/a>\n\t\t\t\t\t\t\t\t\t\t\t\t\t\t\t<\/div>\n\t\t\t\t<\/div>\n\t\t\t\t<\/div>\n\t\t\t\t\t<\/div>\n\t\t\t\t<\/div>\n\t\t<div class=\"elementor-element elementor-element-246cf8c elementor-hidden-mobile e-flex e-con-boxed e-con e-parent\" data-id=\"246cf8c\" data-element_type=\"container\" data-e-type=\"container\">\n\t\t\t\t\t<div class=\"e-con-inner\">\n\t\t<div class=\"elementor-element elementor-element-7292612 e-con-full e-flex e-con e-child\" data-id=\"7292612\" data-element_type=\"container\" data-e-type=\"container\">\n\t\t\t\t<div class=\"elementor-element elementor-element-e6e07b6 elementor-widget elementor-widget-text-editor\" data-id=\"e6e07b6\" data-element_type=\"widget\" data-e-type=\"widget\" data-widget_type=\"text-editor.default\">\n\t\t\t\t<div class=\"elementor-widget-container\">\n\t\t\t\t\t\t\t\t\t<p><a href=\"https:\/\/age-thea.eu\/?page_id=937\">\ud83c\uddec\ud83c\udde7<\/a> I <a href=\"https:\/\/age-thea.eu\/?page_id=705\">\ud83c\uddf5\ud83c\uddf9<\/a> I <a href=\"https:\/\/age-thea.eu\/?page_id=944\">\ud83c\uddec\ud83c\uddf7<\/a> I <span class=\"x19la9d6 x1fc57z9 x6ikm8r x10wlt62 x19co3pv x1g5zs5t xfibh0p xiy17q3 x1xsqp64 x1lkfr7t xexx8yu x4uap5 x18d9i69 xkhd6sd\"><span class=\"xrtxmta x1bhl96m\"><a href=\"https:\/\/age-thea.eu\/?page_id=948\">\ud83c\uddee\ud83c\uddf9<\/a> I <a href=\"https:\/\/age-thea.eu\/?page_id=946\">\ud83c\uddf7\ud83c\uddf4<\/a><\/span><\/span><\/p>\t\t\t\t\t\t\t\t<\/div>\n\t\t\t\t<\/div>\n\t\t\t\t<\/div>\n\t\t<div class=\"elementor-element elementor-element-4ae255b e-con-full e-flex e-con e-child\" data-id=\"4ae255b\" data-element_type=\"container\" data-e-type=\"container\">\n\t\t\t\t<div class=\"elementor-element elementor-element-4b014dc elementor-widget elementor-widget-image\" data-id=\"4b014dc\" data-element_type=\"widget\" data-e-type=\"widget\" data-widget_type=\"image.default\">\n\t\t\t\t<div class=\"elementor-widget-container\">\n\t\t\t\t\t\t\t\t\t\t\t\t\t\t\t\t<a href=\"https:\/\/age-thea.eu\/?page_id=742\">\n\t\t\t\t\t\t\t<img fetchpriority=\"high\" decoding=\"async\" width=\"512\" height=\"512\" src=\"https:\/\/age-thea.eu\/wp-content\/uploads\/2024\/06\/cropped-cropped-Age_THEA.png\" class=\"attachment-large size-large wp-image-14\" alt=\"\" srcset=\"https:\/\/age-thea.eu\/wp-content\/uploads\/2024\/06\/cropped-cropped-Age_THEA.png 512w, https:\/\/age-thea.eu\/wp-content\/uploads\/2024\/06\/cropped-cropped-Age_THEA-300x300.png 300w, https:\/\/age-thea.eu\/wp-content\/uploads\/2024\/06\/cropped-cropped-Age_THEA-150x150.png 150w, https:\/\/age-thea.eu\/wp-content\/uploads\/2024\/06\/cropped-cropped-Age_THEA-270x270.png 270w, https:\/\/age-thea.eu\/wp-content\/uploads\/2024\/06\/cropped-cropped-Age_THEA-192x192.png 192w, https:\/\/age-thea.eu\/wp-content\/uploads\/2024\/06\/cropped-cropped-Age_THEA-180x180.png 180w, https:\/\/age-thea.eu\/wp-content\/uploads\/2024\/06\/cropped-cropped-Age_THEA-32x32.png 32w\" sizes=\"(max-width: 512px) 100vw, 512px\" \/>\t\t\t\t\t\t\t\t<\/a>\n\t\t\t\t\t\t\t\t\t\t\t\t\t\t\t<\/div>\n\t\t\t\t<\/div>\n\t\t\t\t<\/div>\n\t\t<div class=\"elementor-element elementor-element-e0f9e5c e-con-full e-flex e-con e-child\" data-id=\"e0f9e5c\" data-element_type=\"container\" data-e-type=\"container\">\n\t\t\t\t<\/div>\n\t\t\t\t\t<\/div>\n\t\t\t\t<\/div>\n\t\t<div class=\"elementor-element elementor-element-6bf33e6 e-con-full elementor-hidden-desktop elementor-hidden-tablet e-flex e-con e-parent\" data-id=\"6bf33e6\" data-element_type=\"container\" data-e-type=\"container\" data-settings=\"{&quot;background_background&quot;:&quot;classic&quot;}\">\n\t\t<div class=\"elementor-element elementor-element-4c296d0 e-con-full e-flex e-con e-child\" data-id=\"4c296d0\" data-element_type=\"container\" data-e-type=\"container\">\n\t\t\t\t<div class=\"elementor-element elementor-element-d673c9e elementor-widget elementor-widget-text-editor\" data-id=\"d673c9e\" data-element_type=\"widget\" data-e-type=\"widget\" data-widget_type=\"text-editor.default\">\n\t\t\t\t<div class=\"elementor-widget-container\">\n\t\t\t\t\t\t\t\t\t<p><a href=\"https:\/\/age-thea.eu\/?page_id=742\">Acas\u0103<\/a> | <a href=\"https:\/\/age-thea.eu\/?page_id=750\">Despre<\/a> | <a href=\"https:\/\/age-thea.eu\/?page_id=770\">Rezultatele proiectului<\/a> | <a href=\"https:\/\/age-thea.eu\/?page_id=764\">Parteneri<\/a> | <a href=\"https:\/\/age-thea.eu\/?page_id=783\">Platforma de formare<\/a> | <a href=\"https:\/\/age-thea.eu\/?page_id=759\">Contact<\/a> | <a href=\"https:\/\/age-thea.eu\/?page_id=1077\">NOUT\u0102\u021aI<\/a><\/p>\t\t\t\t\t\t\t\t<\/div>\n\t\t\t\t<\/div>\n\t\t\t\t<\/div>\n\t\t\t\t<\/div>\n\t\t<div class=\"elementor-element elementor-element-c5f39a1 e-con-full elementor-hidden-mobile e-flex e-con e-parent\" data-id=\"c5f39a1\" data-element_type=\"container\" data-e-type=\"container\" data-settings=\"{&quot;background_background&quot;:&quot;classic&quot;}\">\n\t\t<div class=\"elementor-element elementor-element-fb4cc72 e-con-full e-flex e-con e-child\" data-id=\"fb4cc72\" data-element_type=\"container\" data-e-type=\"container\">\n\t\t\t\t<div class=\"elementor-element elementor-element-fe3ce58 elementor-widget elementor-widget-text-editor\" data-id=\"fe3ce58\" data-element_type=\"widget\" data-e-type=\"widget\" data-widget_type=\"text-editor.default\">\n\t\t\t\t<div class=\"elementor-widget-container\">\n\t\t\t\t\t\t\t\t\t<p><a href=\"https:\/\/age-thea.eu\/?page_id=742\">Acas\u0103<\/a> | <a href=\"https:\/\/age-thea.eu\/?page_id=750\">Despre<\/a> | <a href=\"https:\/\/age-thea.eu\/?page_id=770\">Rezultatele proiectului<\/a> | <a href=\"https:\/\/age-thea.eu\/?page_id=764\">Parteneri<\/a> | <a href=\"https:\/\/age-thea.eu\/?page_id=783\">Platforma de formare<\/a> | <a href=\"https:\/\/age-thea.eu\/?page_id=759\">Contact<\/a> | <a href=\"https:\/\/age-thea.eu\/?page_id=1077\">NOUT\u0102\u021aI<\/a><\/p>\t\t\t\t\t\t\t\t<\/div>\n\t\t\t\t<\/div>\n\t\t\t\t<\/div>\n\t\t\t\t<\/div>\n\t\t<div class=\"elementor-element elementor-element-34e3fb3 elementor-hidden-tablet elementor-hidden-mobile e-flex e-con-boxed e-con e-parent\" data-id=\"34e3fb3\" data-element_type=\"container\" data-e-type=\"container\">\n\t\t\t\t\t<div class=\"e-con-inner\">\n\t\t\t\t<div class=\"elementor-element elementor-element-254694b elementor-widget elementor-widget-shortcode\" data-id=\"254694b\" data-element_type=\"widget\" data-e-type=\"widget\" data-widget_type=\"shortcode.default\">\n\t\t\t\t<div class=\"elementor-widget-container\">\n\t\t\t\t\t\t\t<div class=\"elementor-shortcode\"><\/div>\n\t\t\t\t\t\t<\/div>\n\t\t\t\t<\/div>\n\t\t\t\t\t<\/div>\n\t\t\t\t<\/div>\n\t\t<div class=\"elementor-element elementor-element-210f22f elementor-hidden-desktop e-flex e-con-boxed e-con e-parent\" data-id=\"210f22f\" data-element_type=\"container\" data-e-type=\"container\">\n\t\t\t\t\t<div class=\"e-con-inner\">\n\t\t\t\t<div class=\"elementor-element elementor-element-97086bc elementor-widget elementor-widget-shortcode\" data-id=\"97086bc\" data-element_type=\"widget\" data-e-type=\"widget\" data-widget_type=\"shortcode.default\">\n\t\t\t\t<div class=\"elementor-widget-container\">\n\t\t\t\t\t\t\t<div class=\"elementor-shortcode\"><\/div>\n\t\t\t\t\t\t<\/div>\n\t\t\t\t<\/div>\n\t\t\t\t\t<\/div>\n\t\t\t\t<\/div>\n\t\t<div class=\"elementor-element elementor-element-6e5e385 e-flex e-con-boxed e-con e-parent\" data-id=\"6e5e385\" data-element_type=\"container\" data-e-type=\"container\">\n\t\t\t\t\t<div class=\"e-con-inner\">\n\t\t\t\t<div class=\"elementor-element elementor-element-f24ad8e elementor-widget elementor-widget-spacer\" data-id=\"f24ad8e\" data-element_type=\"widget\" data-e-type=\"widget\" data-widget_type=\"spacer.default\">\n\t\t\t\t<div class=\"elementor-widget-container\">\n\t\t\t\t\t\t\t<div class=\"elementor-spacer\">\n\t\t\t<div class=\"elementor-spacer-inner\"><\/div>\n\t\t<\/div>\n\t\t\t\t\t\t<\/div>\n\t\t\t\t<\/div>\n\t\t\t\t\t<\/div>\n\t\t\t\t<\/div>\n\t\t<div class=\"elementor-element elementor-element-7503eea e-flex e-con-boxed e-con e-parent\" data-id=\"7503eea\" data-element_type=\"container\" data-e-type=\"container\">\n\t\t\t\t\t<div class=\"e-con-inner\">\n\t\t\t\t<div class=\"elementor-element elementor-element-02632f2 elementor-widget__width-initial elementor-widget elementor-widget-text-editor\" data-id=\"02632f2\" data-element_type=\"widget\" data-e-type=\"widget\" data-widget_type=\"text-editor.default\">\n\t\t\t\t<div class=\"elementor-widget-container\">\n\t\t\t\t\t\t\t\t\t<p class=\"p1\"><b>Raport privind rolul teatrului \u00een \u00eembun\u0103t\u0103\u021birea bun\u0103st\u0103rii psihosociale a persoanelor \u00een v\u00e2rst\u0103.<\/b><\/p>\t\t\t\t\t\t\t\t<\/div>\n\t\t\t\t<\/div>\n\t\t\t\t<div class=\"elementor-element elementor-element-acda992 elementor-widget elementor-widget-text-editor\" data-id=\"acda992\" data-element_type=\"widget\" data-e-type=\"widget\" data-widget_type=\"text-editor.default\">\n\t\t\t\t<div class=\"elementor-widget-container\">\n\t\t\t\t\t\t\t\t\t<p>Pachetul de Lucru al proiectului Analiz\u0103 \u0219i Evaluare (WP2) are ca scop studiul rolului \u0219i impactului teatrului asupra bun\u0103st\u0103rii psihosociale a persoanelor \u00een v\u00e2rst\u0103, \u00een special a celor cu demen\u021b\u0103, tulbur\u0103ri neurologice, Alzheimer, venituri sc\u0103zute, discriminare \u0219i izolare, agravate de pandemia COVID-19. Acesta se aliniaz\u0103 la obiectivul mai larg al proiectului de a investiga modul \u00een care activit\u0103\u021bile culturale \u0219i teatrale pot combate efectele negative ale pandemiei asupra s\u0103n\u0103t\u0103\u021bii psihosociale a v\u00e2rstnicilor. Rezultatele principale includ o analiz\u0103 detaliat\u0103 a rolului teatrului \u00een prevenirea \u0219i tratarea problemelor de s\u0103n\u0103tate mintal\u0103 \u00een r\u00e2ndul v\u00e2rstnicilor, cercet\u0103ri na\u021bionale, focus-group-uri organizate \u00een \u021b\u0103rile proiectului \u0219i un raport despre &#8220;rolul teatrului \u00een \u00eembun\u0103t\u0103\u021birea bun\u0103st\u0103rii psihosociale a persoanelor \u00een v\u00e2rst\u0103&#8221;. Fiecare organiza\u021bie partener\u0103 contribuie la activit\u0103\u021bi conform expertizei sale sub coordonarea UNIWA. Aceasta monitorizeaz\u0103 dezvoltarea raportului de analiz\u0103, fiecare partener realiz\u0103nd cercet\u0103ri locale. EDRA evalueaz\u0103 calitatea raportului, \u00een timp ce RC coordoneaz\u0103 activit\u0103\u021bile de diseminare.<\/p>\t\t\t\t\t\t\t\t<\/div>\n\t\t\t\t<\/div>\n\t\t\t\t<div class=\"elementor-element elementor-element-e48bd2e elementor-widget elementor-widget-shortcode\" data-id=\"e48bd2e\" data-element_type=\"widget\" data-e-type=\"widget\" data-widget_type=\"shortcode.default\">\n\t\t\t\t<div class=\"elementor-widget-container\">\n\t\t\t\t\t\t\t<div class=\"elementor-shortcode\"><div class=\"_df_book df-lite\" id=\"df_985\"  _slug=\"report_ro\" data-title=\"report_ro\" wpoptions=\"true\" thumbtype=\"\" ><\/div><script class=\"df-shortcode-script\" nowprocket type=\"application\/javascript\">window.option_df_985 = {\"outline\":[],\"autoEnableOutline\":\"false\",\"autoEnableThumbnail\":\"false\",\"overwritePDFOutline\":\"false\",\"direction\":\"1\",\"pageSize\":\"0\",\"source\":\"https:\\\/\\\/age-thea.eu\\\/wp-content\\\/uploads\\\/2024\\\/10\\\/AGE_THEA-WP2-REPORT_ROMANIAN.pdf\",\"wpOptions\":\"true\"}; if(window.DFLIP && window.DFLIP.parseBooks){window.DFLIP.parseBooks();}<\/script><\/div>\n\t\t\t\t\t\t<\/div>\n\t\t\t\t<\/div>\n\t\t\t\t<div class=\"elementor-element elementor-element-c7a2eb5 elementor-align-center elementor-widget elementor-widget-button\" data-id=\"c7a2eb5\" data-element_type=\"widget\" data-e-type=\"widget\" data-widget_type=\"button.default\">\n\t\t\t\t<div class=\"elementor-widget-container\">\n\t\t\t\t\t\t\t\t\t<div class=\"elementor-button-wrapper\">\n\t\t\t\t\t<a class=\"elementor-button elementor-button-link elementor-size-sm\" href=\"https:\/\/age-thea.eu?download=1278&#038;tmstv=1728657446\">\n\t\t\t\t\t\t<span class=\"elementor-button-content-wrapper\">\n\t\t\t\t\t\t\t\t\t<span class=\"elementor-button-text\">desc\u0103rcare<\/span>\n\t\t\t\t\t<\/span>\n\t\t\t\t\t<\/a>\n\t\t\t\t<\/div>\n\t\t\t\t\t\t\t\t<\/div>\n\t\t\t\t<\/div>\n\t\t\t\t<div class=\"elementor-element elementor-element-96e2018 elementor-widget elementor-widget-spacer\" data-id=\"96e2018\" data-element_type=\"widget\" data-e-type=\"widget\" data-widget_type=\"spacer.default\">\n\t\t\t\t<div class=\"elementor-widget-container\">\n\t\t\t\t\t\t\t<div class=\"elementor-spacer\">\n\t\t\t<div class=\"elementor-spacer-inner\"><\/div>\n\t\t<\/div>\n\t\t\t\t\t\t<\/div>\n\t\t\t\t<\/div>\n\t\t\t\t\t<\/div>\n\t\t\t\t<\/div>\n\t\t<div class=\"elementor-element elementor-element-49c8775 e-flex e-con-boxed e-con e-parent\" data-id=\"49c8775\" data-element_type=\"container\" data-e-type=\"container\" data-settings=\"{&quot;background_background&quot;:&quot;classic&quot;}\">\n\t\t\t\t\t<div class=\"e-con-inner\">\n\t\t<div class=\"elementor-element elementor-element-2fa24a8 e-con-full e-flex e-con e-child\" data-id=\"2fa24a8\" data-element_type=\"container\" data-e-type=\"container\">\n\t\t\t\t<\/div>\n\t\t<div class=\"elementor-element elementor-element-3ce826b e-con-full e-flex e-con e-child\" data-id=\"3ce826b\" data-element_type=\"container\" data-e-type=\"container\">\n\t\t\t\t<div class=\"elementor-element elementor-element-e534f1e elementor-widget elementor-widget-spacer\" data-id=\"e534f1e\" data-element_type=\"widget\" data-e-type=\"widget\" data-widget_type=\"spacer.default\">\n\t\t\t\t<div class=\"elementor-widget-container\">\n\t\t\t\t\t\t\t<div class=\"elementor-spacer\">\n\t\t\t<div class=\"elementor-spacer-inner\"><\/div>\n\t\t<\/div>\n\t\t\t\t\t\t<\/div>\n\t\t\t\t<\/div>\n\t\t\t\t<div class=\"elementor-element elementor-element-ca5a7a2 elementor-widget elementor-widget-image\" data-id=\"ca5a7a2\" data-element_type=\"widget\" data-e-type=\"widget\" data-widget_type=\"image.default\">\n\t\t\t\t<div class=\"elementor-widget-container\">\n\t\t\t\t\t\t\t\t\t\t\t\t\t\t\t<img decoding=\"async\" width=\"300\" height=\"67\" src=\"https:\/\/age-thea.eu\/wp-content\/uploads\/2024\/11\/Romanian_Co-fundedbytheEU_RGB_POS-300x67.png\" class=\"attachment-medium size-medium wp-image-1340\" alt=\"\" srcset=\"https:\/\/age-thea.eu\/wp-content\/uploads\/2024\/11\/Romanian_Co-fundedbytheEU_RGB_POS-300x67.png 300w, https:\/\/age-thea.eu\/wp-content\/uploads\/2024\/11\/Romanian_Co-fundedbytheEU_RGB_POS-1024x229.png 1024w, https:\/\/age-thea.eu\/wp-content\/uploads\/2024\/11\/Romanian_Co-fundedbytheEU_RGB_POS-768x172.png 768w, https:\/\/age-thea.eu\/wp-content\/uploads\/2024\/11\/Romanian_Co-fundedbytheEU_RGB_POS-1536x344.png 1536w, https:\/\/age-thea.eu\/wp-content\/uploads\/2024\/11\/Romanian_Co-fundedbytheEU_RGB_POS-2048x458.png 2048w\" sizes=\"(max-width: 300px) 100vw, 300px\" \/>\t\t\t\t\t\t\t\t\t\t\t\t\t\t\t<\/div>\n\t\t\t\t<\/div>\n\t\t\t\t<div class=\"elementor-element elementor-element-8650d55 elementor-widget elementor-widget-text-editor\" data-id=\"8650d55\" data-element_type=\"widget\" data-e-type=\"widget\" data-widget_type=\"text-editor.default\">\n\t\t\t\t<div class=\"elementor-widget-container\">\n\t\t\t\t\t\t\t\t\t<p>Num\u0103r proiect: 2023-1-RO01-KA220-ADU-00160973<\/p><p>\u201eFinan\u021bat de Uniunea European\u0103. Punctele de vedere \u0219i opiniile exprimate apar\u021bin, \u00eens\u0103, exclusiv autorului (autorilor) \u0219i nu reflect\u0103 neap\u0103rat punctele de vedere \u0219i opiniile Uniunii Europene sau ale Agen\u021biei Na\u021bionale pentru Programe Comunitare \u00een Domeniul Educa\u021biei \u0219i Form\u0103rii Profesionale (ANPCDEFP). Nici Uniunea European\u0103 \u0219i nici ANPCDEFP nu pot fi \u021binute r\u0103spunz\u0103toare pentru acestea.\u201d<\/p>\t\t\t\t\t\t\t\t<\/div>\n\t\t\t\t<\/div>\n\t\t\t\t<div class=\"elementor-element elementor-element-df144f2 elementor-widget elementor-widget-spacer\" data-id=\"df144f2\" data-element_type=\"widget\" data-e-type=\"widget\" data-widget_type=\"spacer.default\">\n\t\t\t\t<div class=\"elementor-widget-container\">\n\t\t\t\t\t\t\t<div class=\"elementor-spacer\">\n\t\t\t<div class=\"elementor-spacer-inner\"><\/div>\n\t\t<\/div>\n\t\t\t\t\t\t<\/div>\n\t\t\t\t<\/div>\n\t\t\t\t<\/div>\n\t\t<div class=\"elementor-element elementor-element-55c3081 e-con-full e-flex e-con e-child\" data-id=\"55c3081\" data-element_type=\"container\" data-e-type=\"container\">\n\t\t\t\t<\/div>\n\t\t\t\t\t<\/div>\n\t\t\t\t<\/div>\n\t\t\t\t<\/div>\n\t\t","protected":false},"excerpt":{"rendered":"<p>\ud83c\uddec\ud83c\udde7 I \ud83c\uddf5\ud83c\uddf9 I \ud83c\uddec\ud83c\uddf7 I \ud83c\uddee\ud83c\uddf9 I \ud83c\uddf7\ud83c\uddf4 \ud83c\uddec\ud83c\udde7 I \ud83c\uddf5\ud83c\uddf9 I \ud83c\uddec\ud83c\uddf7 I \ud83c\uddee\ud83c\uddf9 I \ud83c\uddf7\ud83c\uddf4 Acas\u0103 | Despre | Rezultatele proiectului |&hellip;<\/p>\n","protected":false},"author":1,"featured_media":0,"parent":0,"menu_order":0,"comment_status":"closed","ping_status":"closed","template":"elementor_canvas","meta":{"footnotes":""},"class_list":["post-946","page","type-page","status-publish","hentry"],"jetpack_sharing_enabled":true,"jetpack_likes_enabled":true,"_links":{"self":[{"href":"https:\/\/age-thea.eu\/index.php?rest_route=\/wp\/v2\/pages\/946","targetHints":{"allow":["GET"]}}],"collection":[{"href":"https:\/\/age-thea.eu\/index.php?rest_route=\/wp\/v2\/pages"}],"about":[{"href":"https:\/\/age-thea.eu\/index.php?rest_route=\/wp\/v2\/types\/page"}],"author":[{"embeddable":true,"href":"https:\/\/age-thea.eu\/index.php?rest_route=\/wp\/v2\/users\/1"}],"replies":[{"embeddable":true,"href":"https:\/\/age-thea.eu\/index.php?rest_route=%2Fwp%2Fv2%2Fcomments&post=946"}],"version-history":[{"count":28,"href":"https:\/\/age-thea.eu\/index.php?rest_route=\/wp\/v2\/pages\/946\/revisions"}],"predecessor-version":[{"id":5340,"href":"https:\/\/age-thea.eu\/index.php?rest_route=\/wp\/v2\/pages\/946\/revisions\/5340"}],"wp:attachment":[{"href":"https:\/\/age-thea.eu\/index.php?rest_route=%2Fwp%2Fv2%2Fmedia&parent=946"}],"curies":[{"name":"wp","href":"https:\/\/api.w.org\/{rel}","templated":true}]}}