{"id":5612,"date":"2025-11-28T09:35:33","date_gmt":"2025-11-28T09:35:33","guid":{"rendered":"https:\/\/age-thea.eu\/?page_id=5612"},"modified":"2026-01-20T18:56:32","modified_gmt":"2026-01-20T18:56:32","slug":"guide_pt","status":"publish","type":"page","link":"https:\/\/age-thea.eu\/?page_id=5612","title":{"rendered":"Guide_PT"},"content":{"rendered":"\t\t<div data-elementor-type=\"wp-page\" data-elementor-id=\"5612\" class=\"elementor elementor-5612\">\n\t\t\t\t<div class=\"elementor-element elementor-element-d2bd045 elementor-hidden-desktop elementor-hidden-tablet e-flex e-con-boxed e-con e-parent\" data-id=\"d2bd045\" data-element_type=\"container\" data-e-type=\"container\">\n\t\t\t\t\t<div class=\"e-con-inner\">\n\t\t<div class=\"elementor-element elementor-element-3a78cec e-con-full e-flex e-con e-child\" data-id=\"3a78cec\" data-element_type=\"container\" data-e-type=\"container\">\n\t\t\t\t<div class=\"elementor-element elementor-element-d88ce06 elementor-widget elementor-widget-text-editor\" data-id=\"d88ce06\" data-element_type=\"widget\" data-e-type=\"widget\" data-widget_type=\"text-editor.default\">\n\t\t\t\t<div class=\"elementor-widget-container\">\n\t\t\t\t\t\t\t\t\t<p><a href=\"https:\/\/age-thea.eu\/?page_id=5496\">\ud83c\uddec\ud83c\udde7<\/a> I <a href=\"https:\/\/age-thea.eu\/?page_id=5612\">\ud83c\uddf5\ud83c\uddf9<\/a> I <a href=\"https:\/\/age-thea.eu\/?page_id=5728\">\ud83c\uddec\ud83c\uddf7<\/a> I <span class=\"x19la9d6 x1fc57z9 x6ikm8r x10wlt62 x19co3pv x1g5zs5t xfibh0p xiy17q3 x1xsqp64 x1lkfr7t xexx8yu x4uap5 x18d9i69 xkhd6sd\"><span class=\"xrtxmta x1bhl96m\"><a href=\"https:\/\/age-thea.eu\/?page_id=5657\">\ud83c\uddee\ud83c\uddf9<\/a> I <a href=\"https:\/\/age-thea.eu\/?page_id=5702\">\ud83c\uddf7\ud83c\uddf4<\/a><\/span><\/span><\/p>\t\t\t\t\t\t\t\t<\/div>\n\t\t\t\t<\/div>\n\t\t\t\t<\/div>\n\t\t<div class=\"elementor-element elementor-element-cfb2bc5 e-con-full e-flex e-con e-child\" data-id=\"cfb2bc5\" data-element_type=\"container\" data-e-type=\"container\">\n\t\t\t\t<div class=\"elementor-element elementor-element-53b8188 elementor-widget elementor-widget-image\" data-id=\"53b8188\" data-element_type=\"widget\" data-e-type=\"widget\" data-widget_type=\"image.default\">\n\t\t\t\t<div class=\"elementor-widget-container\">\n\t\t\t\t\t\t\t\t\t\t\t\t\t\t\t\t<a href=\"https:\/\/age-thea.eu\/?page_id=15\">\n\t\t\t\t\t\t\t<img decoding=\"async\" width=\"150\" height=\"150\" src=\"https:\/\/age-thea.eu\/wp-content\/uploads\/2024\/06\/cropped-cropped-Age_THEA-150x150.png\" class=\"attachment-thumbnail size-thumbnail wp-image-14\" alt=\"\" srcset=\"https:\/\/age-thea.eu\/wp-content\/uploads\/2024\/06\/cropped-cropped-Age_THEA-150x150.png 150w, https:\/\/age-thea.eu\/wp-content\/uploads\/2024\/06\/cropped-cropped-Age_THEA-300x300.png 300w, https:\/\/age-thea.eu\/wp-content\/uploads\/2024\/06\/cropped-cropped-Age_THEA-270x270.png 270w, https:\/\/age-thea.eu\/wp-content\/uploads\/2024\/06\/cropped-cropped-Age_THEA-192x192.png 192w, https:\/\/age-thea.eu\/wp-content\/uploads\/2024\/06\/cropped-cropped-Age_THEA-180x180.png 180w, https:\/\/age-thea.eu\/wp-content\/uploads\/2024\/06\/cropped-cropped-Age_THEA-32x32.png 32w, https:\/\/age-thea.eu\/wp-content\/uploads\/2024\/06\/cropped-cropped-Age_THEA.png 512w\" sizes=\"(max-width: 150px) 100vw, 150px\" \/>\t\t\t\t\t\t\t\t<\/a>\n\t\t\t\t\t\t\t\t\t\t\t\t\t\t\t<\/div>\n\t\t\t\t<\/div>\n\t\t\t\t<\/div>\n\t\t\t\t\t<\/div>\n\t\t\t\t<\/div>\n\t\t<div class=\"elementor-element elementor-element-4456340 elementor-hidden-mobile e-flex e-con-boxed e-con e-parent\" data-id=\"4456340\" data-element_type=\"container\" data-e-type=\"container\">\n\t\t\t\t\t<div class=\"e-con-inner\">\n\t\t<div class=\"elementor-element elementor-element-6f93b33 e-con-full e-flex e-con e-child\" data-id=\"6f93b33\" data-element_type=\"container\" data-e-type=\"container\">\n\t\t\t\t<div class=\"elementor-element elementor-element-15150d7 elementor-widget elementor-widget-text-editor\" data-id=\"15150d7\" data-element_type=\"widget\" data-e-type=\"widget\" data-widget_type=\"text-editor.default\">\n\t\t\t\t<div class=\"elementor-widget-container\">\n\t\t\t\t\t\t\t\t\t<p><a href=\"https:\/\/age-thea.eu\/?page_id=5496\">\ud83c\uddec\ud83c\udde7<\/a> I <a href=\"https:\/\/age-thea.eu\/?page_id=5612\">\ud83c\uddf5\ud83c\uddf9<\/a> I <a href=\"https:\/\/age-thea.eu\/?page_id=5728\">\ud83c\uddec\ud83c\uddf7<\/a> I <span class=\"x19la9d6 x1fc57z9 x6ikm8r x10wlt62 x19co3pv x1g5zs5t xfibh0p xiy17q3 x1xsqp64 x1lkfr7t xexx8yu x4uap5 x18d9i69 xkhd6sd\"><span class=\"xrtxmta x1bhl96m\"><a href=\"https:\/\/age-thea.eu\/?page_id=5657\">\ud83c\uddee\ud83c\uddf9<\/a> I <a href=\"https:\/\/age-thea.eu\/?page_id=5702\">\ud83c\uddf7\ud83c\uddf4<\/a><\/span><\/span><\/p>\t\t\t\t\t\t\t\t<\/div>\n\t\t\t\t<\/div>\n\t\t\t\t<\/div>\n\t\t<div class=\"elementor-element elementor-element-ae06e79 e-con-full e-flex e-con e-child\" data-id=\"ae06e79\" data-element_type=\"container\" data-e-type=\"container\">\n\t\t\t\t<div class=\"elementor-element elementor-element-4f067bd elementor-widget elementor-widget-image\" data-id=\"4f067bd\" data-element_type=\"widget\" data-e-type=\"widget\" data-widget_type=\"image.default\">\n\t\t\t\t<div class=\"elementor-widget-container\">\n\t\t\t\t\t\t\t\t\t\t\t\t\t\t\t\t<a href=\"https:\/\/age-thea.eu\/?page_id=15\">\n\t\t\t\t\t\t\t<img fetchpriority=\"high\" decoding=\"async\" width=\"512\" height=\"512\" src=\"https:\/\/age-thea.eu\/wp-content\/uploads\/2024\/06\/cropped-cropped-Age_THEA.png\" class=\"attachment-large size-large wp-image-14\" alt=\"\" srcset=\"https:\/\/age-thea.eu\/wp-content\/uploads\/2024\/06\/cropped-cropped-Age_THEA.png 512w, https:\/\/age-thea.eu\/wp-content\/uploads\/2024\/06\/cropped-cropped-Age_THEA-300x300.png 300w, https:\/\/age-thea.eu\/wp-content\/uploads\/2024\/06\/cropped-cropped-Age_THEA-150x150.png 150w, https:\/\/age-thea.eu\/wp-content\/uploads\/2024\/06\/cropped-cropped-Age_THEA-270x270.png 270w, https:\/\/age-thea.eu\/wp-content\/uploads\/2024\/06\/cropped-cropped-Age_THEA-192x192.png 192w, https:\/\/age-thea.eu\/wp-content\/uploads\/2024\/06\/cropped-cropped-Age_THEA-180x180.png 180w, https:\/\/age-thea.eu\/wp-content\/uploads\/2024\/06\/cropped-cropped-Age_THEA-32x32.png 32w\" sizes=\"(max-width: 512px) 100vw, 512px\" \/>\t\t\t\t\t\t\t\t<\/a>\n\t\t\t\t\t\t\t\t\t\t\t\t\t\t\t<\/div>\n\t\t\t\t<\/div>\n\t\t\t\t<\/div>\n\t\t<div class=\"elementor-element elementor-element-668fbf0 e-con-full e-flex e-con e-child\" data-id=\"668fbf0\" data-element_type=\"container\" data-e-type=\"container\">\n\t\t\t\t<\/div>\n\t\t\t\t\t<\/div>\n\t\t\t\t<\/div>\n\t\t<div class=\"elementor-element elementor-element-750842a e-con-full elementor-hidden-desktop elementor-hidden-tablet e-flex e-con e-parent\" data-id=\"750842a\" data-element_type=\"container\" data-e-type=\"container\" data-settings=\"{&quot;background_background&quot;:&quot;classic&quot;}\">\n\t\t<div class=\"elementor-element elementor-element-2c79da3 e-con-full e-flex e-con e-child\" data-id=\"2c79da3\" data-element_type=\"container\" data-e-type=\"container\">\n\t\t\t\t<div class=\"elementor-element elementor-element-9af1bb8 elementor-widget elementor-widget-text-editor\" data-id=\"9af1bb8\" data-element_type=\"widget\" data-e-type=\"widget\" data-widget_type=\"text-editor.default\">\n\t\t\t\t<div class=\"elementor-widget-container\">\n\t\t\t\t\t\t\t\t\t<p><a href=\"https:\/\/age-thea.eu\/?page_id=662\">P\u00e1gina Inicial<\/a>\u00a0 | <a href=\"https:\/\/age-thea.eu\/?page_id=683\">Sobre<\/a> | <a href=\"https:\/\/age-thea.eu\/?page_id=705\">Resultados do projeto<\/a> | <a href=\"https:\/\/age-thea.eu\/?page_id=699\">Parceiros<\/a> |<a href=\"https:\/\/age-thea.eu\/?page_id=714\"> Plataforma de forma\u00e7\u00e3o<\/a> | <a href=\"https:\/\/age-thea.eu\/?page_id=694\">Contacto<\/a> | <a href=\"https:\/\/age-thea.eu\/?page_id=1071\">News<\/a><\/p>\t\t\t\t\t\t\t\t<\/div>\n\t\t\t\t<\/div>\n\t\t\t\t<\/div>\n\t\t\t\t<\/div>\n\t\t<div class=\"elementor-element elementor-element-88b4fba e-con-full elementor-hidden-mobile e-flex e-con e-parent\" data-id=\"88b4fba\" data-element_type=\"container\" data-e-type=\"container\" data-settings=\"{&quot;background_background&quot;:&quot;classic&quot;}\">\n\t\t<div class=\"elementor-element elementor-element-01da169 e-con-full e-flex e-con e-child\" data-id=\"01da169\" data-element_type=\"container\" data-e-type=\"container\">\n\t\t\t\t<div class=\"elementor-element elementor-element-1efaef2 elementor-widget elementor-widget-text-editor\" data-id=\"1efaef2\" data-element_type=\"widget\" data-e-type=\"widget\" data-widget_type=\"text-editor.default\">\n\t\t\t\t<div class=\"elementor-widget-container\">\n\t\t\t\t\t\t\t\t\t<p><a href=\"https:\/\/age-thea.eu\/?page_id=662\">P\u00e1gina Inicial<\/a>\u00a0 | <a href=\"https:\/\/age-thea.eu\/?page_id=683\">Sobre<\/a> | <a href=\"https:\/\/age-thea.eu\/?page_id=705\">Resultados do projeto<\/a> | <a href=\"https:\/\/age-thea.eu\/?page_id=699\">Parceiros<\/a> |<a href=\"https:\/\/age-thea.eu\/?page_id=714\"> Plataforma de forma\u00e7\u00e3o<\/a> | <a href=\"https:\/\/age-thea.eu\/?page_id=694\">Contacto<\/a> | <a href=\"https:\/\/age-thea.eu\/?page_id=1071\">News<\/a><\/p>\t\t\t\t\t\t\t\t<\/div>\n\t\t\t\t<\/div>\n\t\t\t\t<\/div>\n\t\t\t\t<\/div>\n\t\t<div class=\"elementor-element elementor-element-2b364a1 elementor-hidden-mobile e-flex e-con-boxed e-con e-parent\" data-id=\"2b364a1\" data-element_type=\"container\" data-e-type=\"container\">\n\t\t\t\t\t<div class=\"e-con-inner\">\n\t\t\t\t<div class=\"elementor-element elementor-element-e4df17e elementor-hidden-tablet elementor-hidden-mobile elementor-widget elementor-widget-shortcode\" data-id=\"e4df17e\" data-element_type=\"widget\" data-e-type=\"widget\" data-widget_type=\"shortcode.default\">\n\t\t\t\t<div class=\"elementor-widget-container\">\n\t\t\t\t\t\t\t<div class=\"elementor-shortcode\"><\/div>\n\t\t\t\t\t\t<\/div>\n\t\t\t\t<\/div>\n\t\t\t\t\t<\/div>\n\t\t\t\t<\/div>\n\t\t<div class=\"elementor-element elementor-element-359518a elementor-hidden-desktop e-flex e-con-boxed e-con e-parent\" data-id=\"359518a\" data-element_type=\"container\" data-e-type=\"container\">\n\t\t\t\t\t<div class=\"e-con-inner\">\n\t\t\t\t<div class=\"elementor-element elementor-element-b8157c1 elementor-widget elementor-widget-shortcode\" data-id=\"b8157c1\" data-element_type=\"widget\" data-e-type=\"widget\" data-widget_type=\"shortcode.default\">\n\t\t\t\t<div class=\"elementor-widget-container\">\n\t\t\t\t\t\t\t<div class=\"elementor-shortcode\"><\/div>\n\t\t\t\t\t\t<\/div>\n\t\t\t\t<\/div>\n\t\t\t\t\t<\/div>\n\t\t\t\t<\/div>\n\t\t<div class=\"elementor-element elementor-element-6e5e385 e-flex e-con-boxed e-con e-parent\" data-id=\"6e5e385\" data-element_type=\"container\" data-e-type=\"container\">\n\t\t\t\t\t<div class=\"e-con-inner\">\n\t\t\t\t<div class=\"elementor-element elementor-element-f24ad8e elementor-widget elementor-widget-spacer\" data-id=\"f24ad8e\" data-element_type=\"widget\" data-e-type=\"widget\" data-widget_type=\"spacer.default\">\n\t\t\t\t<div class=\"elementor-widget-container\">\n\t\t\t\t\t\t\t<div class=\"elementor-spacer\">\n\t\t\t<div class=\"elementor-spacer-inner\"><\/div>\n\t\t<\/div>\n\t\t\t\t\t\t<\/div>\n\t\t\t\t<\/div>\n\t\t\t\t\t<\/div>\n\t\t\t\t<\/div>\n\t\t<div class=\"elementor-element elementor-element-7503eea e-flex e-con-boxed e-con e-parent\" data-id=\"7503eea\" data-element_type=\"container\" data-e-type=\"container\">\n\t\t\t\t\t<div class=\"e-con-inner\">\n\t\t\t\t<div class=\"elementor-element elementor-element-c65141f elementor-widget__width-initial elementor-widget elementor-widget-text-editor\" data-id=\"c65141f\" data-element_type=\"widget\" data-e-type=\"widget\" data-widget_type=\"text-editor.default\">\n\t\t\t\t<div class=\"elementor-widget-container\">\n\t\t\t\t\t\t\t\t\t<p class=\"p1\"><strong>Guia para o desenvolvimento das Actividades de Teatro Participativo para Seniores<\/strong><\/p>\t\t\t\t\t\t\t\t<\/div>\n\t\t\t\t<\/div>\n\t\t\t\t<div class=\"elementor-element elementor-element-acda992 elementor-widget elementor-widget-text-editor\" data-id=\"acda992\" data-element_type=\"widget\" data-e-type=\"widget\" data-widget_type=\"text-editor.default\">\n\t\t\t\t<div class=\"elementor-widget-container\">\n\t\t\t\t\t\t\t\t\t<p>As &#8220;Actividades de Teatro Participativo para Seniores&#8221; centram-se na conce\u00e7\u00e3o e implementa\u00e7\u00e3o de actividades de teatro participativo para seniores, em particular os que enfrentam desafios como a dem\u00eancia, a doen\u00e7a de Alzheimer e o isolamento social. Os objectivos deste pacote de trabalho s\u00e3o desenvolver actividades que promovam o envelhecimento ativo, a criatividade e o envolvimento social entre os idosos, ao mesmo tempo que prestam apoio aos prestadores de cuidados.\u00a0<\/p>\t\t\t\t\t\t\t\t<\/div>\n\t\t\t\t<\/div>\n\t\t\t\t<div class=\"elementor-element elementor-element-e48bd2e elementor-widget elementor-widget-shortcode\" data-id=\"e48bd2e\" data-element_type=\"widget\" data-e-type=\"widget\" data-widget_type=\"shortcode.default\">\n\t\t\t\t<div class=\"elementor-widget-container\">\n\t\t\t\t\t\t\t<div class=\"elementor-shortcode\"><div class=\"_df_book df-lite\" id=\"df_5623\"  _slug=\"guide-pt\" data-title=\"guide-pt\" wpoptions=\"true\" thumbtype=\"\" ><\/div><script class=\"df-shortcode-script\" nowprocket type=\"application\/javascript\">window.option_df_5623 = {\"outline\":[],\"autoEnableOutline\":\"false\",\"autoEnableThumbnail\":\"false\",\"overwritePDFOutline\":\"false\",\"direction\":\"1\",\"pageSize\":\"0\",\"source\":\"https:\\\/\\\/age-thea.eu\\\/wp-content\\\/uploads\\\/2025\\\/11\\\/WP4_Guide_Participatory_Theatre_Portuguese-version.pdf\",\"wpOptions\":\"true\"}; if(window.DFLIP && window.DFLIP.parseBooks){window.DFLIP.parseBooks();}<\/script><\/div>\n\t\t\t\t\t\t<\/div>\n\t\t\t\t<\/div>\n\t\t\t\t<div class=\"elementor-element elementor-element-c7a2eb5 elementor-align-center elementor-widget elementor-widget-button\" data-id=\"c7a2eb5\" data-element_type=\"widget\" data-e-type=\"widget\" data-widget_type=\"button.default\">\n\t\t\t\t<div class=\"elementor-widget-container\">\n\t\t\t\t\t\t\t\t\t<div class=\"elementor-button-wrapper\">\n\t\t\t\t\t<a class=\"elementor-button elementor-button-link elementor-size-sm\" href=\"https:\/\/age-thea.eu?download=5625&#038;tmstv=1764322850\">\n\t\t\t\t\t\t<span class=\"elementor-button-content-wrapper\">\n\t\t\t\t\t\t\t\t\t<span class=\"elementor-button-text\">Download<\/span>\n\t\t\t\t\t<\/span>\n\t\t\t\t\t<\/a>\n\t\t\t\t<\/div>\n\t\t\t\t\t\t\t\t<\/div>\n\t\t\t\t<\/div>\n\t\t\t\t\t<\/div>\n\t\t\t\t<\/div>\n\t\t<div class=\"elementor-element elementor-element-351a4d0 e-flex e-con-boxed e-con e-parent\" data-id=\"351a4d0\" data-element_type=\"container\" data-e-type=\"container\">\n\t\t\t\t\t<div class=\"e-con-inner\">\n\t\t<div class=\"elementor-element elementor-element-9018763 e-con-full e-flex e-con e-child\" data-id=\"9018763\" data-element_type=\"container\" data-e-type=\"container\">\n\t\t\t\t<div class=\"elementor-element elementor-element-ccd697c elementor-widget elementor-widget-image\" data-id=\"ccd697c\" data-element_type=\"widget\" data-e-type=\"widget\" data-widget_type=\"image.default\">\n\t\t\t\t<div class=\"elementor-widget-container\">\n\t\t\t\t\t\t\t\t\t\t\t\t\t\t\t<img decoding=\"async\" width=\"843\" height=\"596\" src=\"https:\/\/age-thea.eu\/wp-content\/uploads\/2025\/11\/Screenshot-2025-11-28-at-09.42.56.png\" class=\"attachment-large size-large wp-image-5639\" alt=\"\" srcset=\"https:\/\/age-thea.eu\/wp-content\/uploads\/2025\/11\/Screenshot-2025-11-28-at-09.42.56.png 2406w, https:\/\/age-thea.eu\/wp-content\/uploads\/2025\/11\/Screenshot-2025-11-28-at-09.42.56-300x212.png 300w\" sizes=\"(max-width: 843px) 100vw, 843px\" \/>\t\t\t\t\t\t\t\t\t\t\t\t\t\t\t<\/div>\n\t\t\t\t<\/div>\n\t\t\t\t<div class=\"elementor-element elementor-element-e4047b5 elementor-align-center elementor-widget elementor-widget-button\" data-id=\"e4047b5\" data-element_type=\"widget\" data-e-type=\"widget\" data-widget_type=\"button.default\">\n\t\t\t\t<div class=\"elementor-widget-container\">\n\t\t\t\t\t\t\t\t\t<div class=\"elementor-button-wrapper\">\n\t\t\t\t\t<a class=\"elementor-button elementor-button-link elementor-size-sm\" href=\"https:\/\/age-thea.eu\/wp-content\/uploads\/2025\/11\/AGE_THEA_IN-THE-MOMENT_PT_FINAL.pdf\" target=\"_blank\">\n\t\t\t\t\t\t<span class=\"elementor-button-content-wrapper\">\n\t\t\t\t\t\t\t\t\t<span class=\"elementor-button-text\">Download In the Moment Cards<\/span>\n\t\t\t\t\t<\/span>\n\t\t\t\t\t<\/a>\n\t\t\t\t<\/div>\n\t\t\t\t\t\t\t\t<\/div>\n\t\t\t\t<\/div>\n\t\t\t\t<\/div>\n\t\t<div class=\"elementor-element elementor-element-6c03239 e-con-full e-flex e-con e-child\" data-id=\"6c03239\" data-element_type=\"container\" data-e-type=\"container\">\n\t\t\t\t<div class=\"elementor-element elementor-element-62d7362 elementor-widget elementor-widget-image\" data-id=\"62d7362\" data-element_type=\"widget\" data-e-type=\"widget\" data-widget_type=\"image.default\">\n\t\t\t\t<div class=\"elementor-widget-container\">\n\t\t\t\t\t\t\t\t\t\t\t\t\t\t\t<img loading=\"lazy\" decoding=\"async\" width=\"843\" height=\"598\" src=\"https:\/\/age-thea.eu\/wp-content\/uploads\/2025\/11\/Screenshot-2025-11-28-at-09.42.47.png\" class=\"attachment-large size-large wp-image-5638\" alt=\"\" srcset=\"https:\/\/age-thea.eu\/wp-content\/uploads\/2025\/11\/Screenshot-2025-11-28-at-09.42.47.png 2404w, https:\/\/age-thea.eu\/wp-content\/uploads\/2025\/11\/Screenshot-2025-11-28-at-09.42.47-300x213.png 300w\" sizes=\"(max-width: 843px) 100vw, 843px\" \/>\t\t\t\t\t\t\t\t\t\t\t\t\t\t\t<\/div>\n\t\t\t\t<\/div>\n\t\t\t\t<div class=\"elementor-element elementor-element-0ce91c5 elementor-align-center elementor-widget elementor-widget-button\" data-id=\"0ce91c5\" data-element_type=\"widget\" data-e-type=\"widget\" data-widget_type=\"button.default\">\n\t\t\t\t<div class=\"elementor-widget-container\">\n\t\t\t\t\t\t\t\t\t<div class=\"elementor-button-wrapper\">\n\t\t\t\t\t<a class=\"elementor-button elementor-button-link elementor-size-sm\" href=\"https:\/\/age-thea.eu\/wp-content\/uploads\/2025\/11\/Age_Thea_WP4_PT_Cartoes_Radio_Stations.pdf\" target=\"_blank\">\n\t\t\t\t\t\t<span class=\"elementor-button-content-wrapper\">\n\t\t\t\t\t\t\t\t\t<span class=\"elementor-button-text\">Download Radio Station Cards<\/span>\n\t\t\t\t\t<\/span>\n\t\t\t\t\t<\/a>\n\t\t\t\t<\/div>\n\t\t\t\t\t\t\t\t<\/div>\n\t\t\t\t<\/div>\n\t\t\t\t<\/div>\n\t\t\t\t\t<\/div>\n\t\t\t\t<\/div>\n\t\t<div class=\"elementor-element elementor-element-fdbbcdf e-flex e-con-boxed e-con e-parent\" data-id=\"fdbbcdf\" data-element_type=\"container\" data-e-type=\"container\">\n\t\t\t\t\t<div class=\"e-con-inner\">\n\t\t<div class=\"elementor-element elementor-element-093c1a2 e-con-full e-flex e-con e-child\" data-id=\"093c1a2\" data-element_type=\"container\" data-e-type=\"container\">\n\t\t\t\t<\/div>\n\t\t<div class=\"elementor-element elementor-element-5acc4d5 e-con-full e-flex e-con e-child\" data-id=\"5acc4d5\" data-element_type=\"container\" data-e-type=\"container\">\n\t\t\t\t<div class=\"elementor-element elementor-element-bc0eb1f elementor-widget elementor-widget-image\" data-id=\"bc0eb1f\" data-element_type=\"widget\" data-e-type=\"widget\" data-widget_type=\"image.default\">\n\t\t\t\t<div class=\"elementor-widget-container\">\n\t\t\t\t\t\t\t\t\t\t\t\t\t\t\t<img loading=\"lazy\" decoding=\"async\" width=\"728\" height=\"1024\" src=\"https:\/\/age-thea.eu\/wp-content\/uploads\/2025\/11\/Screenshot-2025-11-28-at-09.43.13.png\" class=\"attachment-large size-large wp-image-5640\" alt=\"\" srcset=\"https:\/\/age-thea.eu\/wp-content\/uploads\/2025\/11\/Screenshot-2025-11-28-at-09.43.13.png 1276w, https:\/\/age-thea.eu\/wp-content\/uploads\/2025\/11\/Screenshot-2025-11-28-at-09.43.13-213x300.png 213w\" sizes=\"(max-width: 728px) 100vw, 728px\" \/>\t\t\t\t\t\t\t\t\t\t\t\t\t\t\t<\/div>\n\t\t\t\t<\/div>\n\t\t\t\t<div class=\"elementor-element elementor-element-46bf414 elementor-align-center elementor-widget elementor-widget-button\" data-id=\"46bf414\" data-element_type=\"widget\" data-e-type=\"widget\" data-widget_type=\"button.default\">\n\t\t\t\t<div class=\"elementor-widget-container\">\n\t\t\t\t\t\t\t\t\t<div class=\"elementor-button-wrapper\">\n\t\t\t\t\t<a class=\"elementor-button elementor-button-link elementor-size-sm\" href=\"https:\/\/age-thea.eu\/wp-content\/uploads\/2025\/11\/Age_Thea_WP4_Body_Mapping_PT.pdf\" target=\"_blank\">\n\t\t\t\t\t\t<span class=\"elementor-button-content-wrapper\">\n\t\t\t\t\t\t\t\t\t<span class=\"elementor-button-text\">Download Body Map Cards<\/span>\n\t\t\t\t\t<\/span>\n\t\t\t\t\t<\/a>\n\t\t\t\t<\/div>\n\t\t\t\t\t\t\t\t<\/div>\n\t\t\t\t<\/div>\n\t\t\t\t<div class=\"elementor-element elementor-element-96e2018 elementor-widget elementor-widget-spacer\" data-id=\"96e2018\" data-element_type=\"widget\" data-e-type=\"widget\" data-widget_type=\"spacer.default\">\n\t\t\t\t<div class=\"elementor-widget-container\">\n\t\t\t\t\t\t\t<div class=\"elementor-spacer\">\n\t\t\t<div class=\"elementor-spacer-inner\"><\/div>\n\t\t<\/div>\n\t\t\t\t\t\t<\/div>\n\t\t\t\t<\/div>\n\t\t\t\t<\/div>\n\t\t<div class=\"elementor-element elementor-element-15fedc8 e-con-full e-flex e-con e-child\" data-id=\"15fedc8\" data-element_type=\"container\" data-e-type=\"container\">\n\t\t\t\t<\/div>\n\t\t\t\t\t<\/div>\n\t\t\t\t<\/div>\n\t\t<div class=\"elementor-element elementor-element-9fa4ca1 e-flex e-con-boxed e-con e-parent\" data-id=\"9fa4ca1\" data-element_type=\"container\" data-e-type=\"container\" data-settings=\"{&quot;background_background&quot;:&quot;classic&quot;}\">\n\t\t\t\t\t<div class=\"e-con-inner\">\n\t\t<div class=\"elementor-element elementor-element-a27d0e2 e-con-full e-flex e-con e-child\" data-id=\"a27d0e2\" data-element_type=\"container\" data-e-type=\"container\">\n\t\t\t\t<\/div>\n\t\t<div class=\"elementor-element elementor-element-5064e6d e-con-full e-flex e-con e-child\" data-id=\"5064e6d\" data-element_type=\"container\" data-e-type=\"container\">\n\t\t\t\t<div class=\"elementor-element elementor-element-3867cf9 elementor-widget elementor-widget-spacer\" data-id=\"3867cf9\" data-element_type=\"widget\" data-e-type=\"widget\" data-widget_type=\"spacer.default\">\n\t\t\t\t<div class=\"elementor-widget-container\">\n\t\t\t\t\t\t\t<div class=\"elementor-spacer\">\n\t\t\t<div class=\"elementor-spacer-inner\"><\/div>\n\t\t<\/div>\n\t\t\t\t\t\t<\/div>\n\t\t\t\t<\/div>\n\t\t\t\t<div class=\"elementor-element elementor-element-19a7d6e elementor-widget elementor-widget-image\" data-id=\"19a7d6e\" data-element_type=\"widget\" data-e-type=\"widget\" data-widget_type=\"image.default\">\n\t\t\t\t<div class=\"elementor-widget-container\">\n\t\t\t\t\t\t\t\t\t\t\t\t\t\t\t<img loading=\"lazy\" decoding=\"async\" width=\"300\" height=\"71\" src=\"https:\/\/age-thea.eu\/wp-content\/uploads\/2024\/11\/Portuguese_Co-fundedbytheEU_RGB_POS-300x71.png\" class=\"attachment-medium size-medium wp-image-1390\" alt=\"\" srcset=\"https:\/\/age-thea.eu\/wp-content\/uploads\/2024\/11\/Portuguese_Co-fundedbytheEU_RGB_POS-300x71.png 300w, https:\/\/age-thea.eu\/wp-content\/uploads\/2024\/11\/Portuguese_Co-fundedbytheEU_RGB_POS-1024x242.png 1024w, https:\/\/age-thea.eu\/wp-content\/uploads\/2024\/11\/Portuguese_Co-fundedbytheEU_RGB_POS-768x181.png 768w, https:\/\/age-thea.eu\/wp-content\/uploads\/2024\/11\/Portuguese_Co-fundedbytheEU_RGB_POS-1536x363.png 1536w, https:\/\/age-thea.eu\/wp-content\/uploads\/2024\/11\/Portuguese_Co-fundedbytheEU_RGB_POS-2048x483.png 2048w\" sizes=\"(max-width: 300px) 100vw, 300px\" \/>\t\t\t\t\t\t\t\t\t\t\t\t\t\t\t<\/div>\n\t\t\t\t<\/div>\n\t\t\t\t<div class=\"elementor-element elementor-element-528b02e elementor-widget elementor-widget-text-editor\" data-id=\"528b02e\" data-element_type=\"widget\" data-e-type=\"widget\" data-widget_type=\"text-editor.default\">\n\t\t\t\t<div class=\"elementor-widget-container\">\n\t\t\t\t\t\t\t\t\t<p>Projeto n.\u00ba 2 02 3 &#8211; 1 &#8211; R O 01 &#8211; K A 2 2 0 &#8211; A D U &#8211; 0001 6 09 7 3<\/p><p>&#8220;Financiado pela Uni\u00e3o Europeia. As opini\u00f5es expressas s\u00e3o exclusivamente da\/do(s) autor(a)(es) e n\u00e3o refletem necessariamente as opini\u00f5es da Uni\u00e3o Europeia ou da Ag\u00eancia Nacional para Programas Comunit\u00e1rios no Dom\u00ednio da Educa\u00e7\u00e3o e Forma\u00e7\u00e3o Profissional (ANPCDEFP). Nem a Uni\u00e3o Europeia nem a ANPCDEFP podem ser responsabilizadas por elas.&#8221;<\/p>\t\t\t\t\t\t\t\t<\/div>\n\t\t\t\t<\/div>\n\t\t\t\t<div class=\"elementor-element elementor-element-2c7c30c elementor-widget elementor-widget-spacer\" data-id=\"2c7c30c\" data-element_type=\"widget\" data-e-type=\"widget\" data-widget_type=\"spacer.default\">\n\t\t\t\t<div class=\"elementor-widget-container\">\n\t\t\t\t\t\t\t<div class=\"elementor-spacer\">\n\t\t\t<div class=\"elementor-spacer-inner\"><\/div>\n\t\t<\/div>\n\t\t\t\t\t\t<\/div>\n\t\t\t\t<\/div>\n\t\t\t\t<\/div>\n\t\t<div class=\"elementor-element elementor-element-d4f9975 e-con-full e-flex e-con e-child\" data-id=\"d4f9975\" data-element_type=\"container\" data-e-type=\"container\">\n\t\t\t\t<\/div>\n\t\t\t\t\t<\/div>\n\t\t\t\t<\/div>\n\t\t\t\t<\/div>\n\t\t","protected":false},"excerpt":{"rendered":"<p>\ud83c\uddec\ud83c\udde7 I \ud83c\uddf5\ud83c\uddf9 I \ud83c\uddec\ud83c\uddf7 I \ud83c\uddee\ud83c\uddf9 I \ud83c\uddf7\ud83c\uddf4 \ud83c\uddec\ud83c\udde7 I \ud83c\uddf5\ud83c\uddf9 I \ud83c\uddec\ud83c\uddf7 I \ud83c\uddee\ud83c\uddf9 I \ud83c\uddf7\ud83c\uddf4 P\u00e1gina Inicial\u00a0 | Sobre | Resultados do&hellip;<\/p>\n","protected":false},"author":1,"featured_media":0,"parent":0,"menu_order":0,"comment_status":"closed","ping_status":"closed","template":"elementor_canvas","meta":{"footnotes":""},"class_list":["post-5612","page","type-page","status-publish","hentry"],"jetpack_sharing_enabled":true,"jetpack_likes_enabled":true,"_links":{"self":[{"href":"https:\/\/age-thea.eu\/index.php?rest_route=\/wp\/v2\/pages\/5612","targetHints":{"allow":["GET"]}}],"collection":[{"href":"https:\/\/age-thea.eu\/index.php?rest_route=\/wp\/v2\/pages"}],"about":[{"href":"https:\/\/age-thea.eu\/index.php?rest_route=\/wp\/v2\/types\/page"}],"author":[{"embeddable":true,"href":"https:\/\/age-thea.eu\/index.php?rest_route=\/wp\/v2\/users\/1"}],"replies":[{"embeddable":true,"href":"https:\/\/age-thea.eu\/index.php?rest_route=%2Fwp%2Fv2%2Fcomments&post=5612"}],"version-history":[{"count":22,"href":"https:\/\/age-thea.eu\/index.php?rest_route=\/wp\/v2\/pages\/5612\/revisions"}],"predecessor-version":[{"id":5805,"href":"https:\/\/age-thea.eu\/index.php?rest_route=\/wp\/v2\/pages\/5612\/revisions\/5805"}],"wp:attachment":[{"href":"https:\/\/age-thea.eu\/index.php?rest_route=%2Fwp%2Fv2%2Fmedia&parent=5612"}],"curies":[{"name":"wp","href":"https:\/\/api.w.org\/{rel}","templated":true}]}}