{"id":3657,"date":"2025-03-07T13:37:39","date_gmt":"2025-03-07T13:37:39","guid":{"rendered":"https:\/\/age-thea.eu\/?page_id=3657"},"modified":"2025-03-13T21:20:59","modified_gmt":"2025-03-13T21:20:59","slug":"platform_login_registration_ro","status":"publish","type":"page","link":"https:\/\/age-thea.eu\/?page_id=3657","title":{"rendered":"Platform_Login_Registration_RO"},"content":{"rendered":"\t\t<div data-elementor-type=\"wp-page\" data-elementor-id=\"3657\" class=\"elementor elementor-3657\">\n\t\t\t\t<div class=\"elementor-element elementor-element-b531a79 elementor-hidden-desktop elementor-hidden-tablet e-flex e-con-boxed e-con e-parent\" data-id=\"b531a79\" data-element_type=\"container\" data-e-type=\"container\">\n\t\t\t\t\t<div class=\"e-con-inner\">\n\t\t<div class=\"elementor-element elementor-element-24e67b3 e-con-full e-flex e-con e-child\" data-id=\"24e67b3\" data-element_type=\"container\" data-e-type=\"container\">\n\t\t\t\t<div class=\"elementor-element elementor-element-c67cf8a elementor-widget elementor-widget-text-editor\" data-id=\"c67cf8a\" data-element_type=\"widget\" data-e-type=\"widget\" data-widget_type=\"text-editor.default\">\n\t\t\t\t<div class=\"elementor-widget-container\">\n\t\t\t\t\t\t\t\t\t<p><a href=\"https:\/\/age-thea.eu\/?page_id=2182\">\ud83c\uddec\ud83c\udde7<\/a> I <a href=\"https:\/\/age-thea.eu\/?page_id=2988\">\ud83c\uddf5\ud83c\uddf9<\/a> I <a href=\"https:\/\/age-thea.eu\/?page_id=4420\">\ud83c\uddec\ud83c\uddf7<\/a> I <span class=\"x19la9d6 x1fc57z9 x6ikm8r x10wlt62 x19co3pv x1g5zs5t xfibh0p xiy17q3 x1xsqp64 x1lkfr7t xexx8yu x4uap5 x18d9i69 xkhd6sd\"><span class=\"xrtxmta x1bhl96m\"><a href=\"https:\/\/age-thea.eu\/?page_id=4054\">\ud83c\uddee\ud83c\uddf9<\/a> I <a href=\"https:\/\/age-thea.eu\/?page_id=3657\">\ud83c\uddf7\ud83c\uddf4<\/a><\/span><\/span><\/p>\t\t\t\t\t\t\t\t<\/div>\n\t\t\t\t<\/div>\n\t\t\t\t<\/div>\n\t\t<div class=\"elementor-element elementor-element-4a712f5 e-con-full e-flex e-con e-child\" data-id=\"4a712f5\" data-element_type=\"container\" data-e-type=\"container\">\n\t\t\t\t<div class=\"elementor-element elementor-element-7b02ffe elementor-widget elementor-widget-image\" data-id=\"7b02ffe\" data-element_type=\"widget\" data-e-type=\"widget\" data-widget_type=\"image.default\">\n\t\t\t\t<div class=\"elementor-widget-container\">\n\t\t\t\t\t\t\t\t\t\t\t\t\t\t\t\t<a href=\"https:\/\/age-thea.eu\/?page_id=742\">\n\t\t\t\t\t\t\t<img decoding=\"async\" width=\"150\" height=\"150\" src=\"https:\/\/age-thea.eu\/wp-content\/uploads\/2024\/06\/cropped-cropped-Age_THEA-150x150.png\" class=\"attachment-thumbnail size-thumbnail wp-image-14\" alt=\"\" srcset=\"https:\/\/age-thea.eu\/wp-content\/uploads\/2024\/06\/cropped-cropped-Age_THEA-150x150.png 150w, https:\/\/age-thea.eu\/wp-content\/uploads\/2024\/06\/cropped-cropped-Age_THEA-300x300.png 300w, https:\/\/age-thea.eu\/wp-content\/uploads\/2024\/06\/cropped-cropped-Age_THEA-270x270.png 270w, https:\/\/age-thea.eu\/wp-content\/uploads\/2024\/06\/cropped-cropped-Age_THEA-192x192.png 192w, https:\/\/age-thea.eu\/wp-content\/uploads\/2024\/06\/cropped-cropped-Age_THEA-180x180.png 180w, https:\/\/age-thea.eu\/wp-content\/uploads\/2024\/06\/cropped-cropped-Age_THEA-32x32.png 32w, https:\/\/age-thea.eu\/wp-content\/uploads\/2024\/06\/cropped-cropped-Age_THEA.png 512w\" sizes=\"(max-width: 150px) 100vw, 150px\" \/>\t\t\t\t\t\t\t\t<\/a>\n\t\t\t\t\t\t\t\t\t\t\t\t\t\t\t<\/div>\n\t\t\t\t<\/div>\n\t\t\t\t<\/div>\n\t\t\t\t\t<\/div>\n\t\t\t\t<\/div>\n\t\t<div class=\"elementor-element elementor-element-6303c94 elementor-hidden-mobile e-flex e-con-boxed e-con e-parent\" data-id=\"6303c94\" data-element_type=\"container\" data-e-type=\"container\">\n\t\t\t\t\t<div class=\"e-con-inner\">\n\t\t<div class=\"elementor-element elementor-element-fbdb63c e-con-full e-flex e-con e-child\" data-id=\"fbdb63c\" data-element_type=\"container\" data-e-type=\"container\">\n\t\t\t\t<div class=\"elementor-element elementor-element-18c02b0 elementor-widget elementor-widget-text-editor\" data-id=\"18c02b0\" data-element_type=\"widget\" data-e-type=\"widget\" data-widget_type=\"text-editor.default\">\n\t\t\t\t<div class=\"elementor-widget-container\">\n\t\t\t\t\t\t\t\t\t<p><a href=\"https:\/\/age-thea.eu\/?page_id=2182\">\ud83c\uddec\ud83c\udde7<\/a> I <a href=\"https:\/\/age-thea.eu\/?page_id=2988\">\ud83c\uddf5\ud83c\uddf9<\/a> I <a href=\"https:\/\/age-thea.eu\/?page_id=4420\">\ud83c\uddec\ud83c\uddf7<\/a> I <span class=\"x19la9d6 x1fc57z9 x6ikm8r x10wlt62 x19co3pv x1g5zs5t xfibh0p xiy17q3 x1xsqp64 x1lkfr7t xexx8yu x4uap5 x18d9i69 xkhd6sd\"><span class=\"xrtxmta x1bhl96m\"><a href=\"https:\/\/age-thea.eu\/?page_id=4054\">\ud83c\uddee\ud83c\uddf9<\/a> I <a href=\"https:\/\/age-thea.eu\/?page_id=3657\">\ud83c\uddf7\ud83c\uddf4<\/a><\/span><\/span><\/p>\t\t\t\t\t\t\t\t<\/div>\n\t\t\t\t<\/div>\n\t\t\t\t<\/div>\n\t\t<div class=\"elementor-element elementor-element-34c441a e-con-full e-flex e-con e-child\" data-id=\"34c441a\" data-element_type=\"container\" data-e-type=\"container\">\n\t\t\t\t<div class=\"elementor-element elementor-element-ebfd298 elementor-widget elementor-widget-image\" data-id=\"ebfd298\" data-element_type=\"widget\" data-e-type=\"widget\" data-widget_type=\"image.default\">\n\t\t\t\t<div class=\"elementor-widget-container\">\n\t\t\t\t\t\t\t\t\t\t\t\t\t\t\t\t<a href=\"https:\/\/age-thea.eu\/?page_id=742\">\n\t\t\t\t\t\t\t<img fetchpriority=\"high\" decoding=\"async\" width=\"512\" height=\"512\" src=\"https:\/\/age-thea.eu\/wp-content\/uploads\/2024\/06\/cropped-cropped-Age_THEA.png\" class=\"attachment-large size-large wp-image-14\" alt=\"\" srcset=\"https:\/\/age-thea.eu\/wp-content\/uploads\/2024\/06\/cropped-cropped-Age_THEA.png 512w, https:\/\/age-thea.eu\/wp-content\/uploads\/2024\/06\/cropped-cropped-Age_THEA-300x300.png 300w, https:\/\/age-thea.eu\/wp-content\/uploads\/2024\/06\/cropped-cropped-Age_THEA-150x150.png 150w, https:\/\/age-thea.eu\/wp-content\/uploads\/2024\/06\/cropped-cropped-Age_THEA-270x270.png 270w, https:\/\/age-thea.eu\/wp-content\/uploads\/2024\/06\/cropped-cropped-Age_THEA-192x192.png 192w, https:\/\/age-thea.eu\/wp-content\/uploads\/2024\/06\/cropped-cropped-Age_THEA-180x180.png 180w, https:\/\/age-thea.eu\/wp-content\/uploads\/2024\/06\/cropped-cropped-Age_THEA-32x32.png 32w\" sizes=\"(max-width: 512px) 100vw, 512px\" \/>\t\t\t\t\t\t\t\t<\/a>\n\t\t\t\t\t\t\t\t\t\t\t\t\t\t\t<\/div>\n\t\t\t\t<\/div>\n\t\t\t\t<\/div>\n\t\t<div class=\"elementor-element elementor-element-a71caef e-con-full e-flex e-con e-child\" data-id=\"a71caef\" data-element_type=\"container\" data-e-type=\"container\">\n\t\t\t\t<\/div>\n\t\t\t\t\t<\/div>\n\t\t\t\t<\/div>\n\t\t<div class=\"elementor-element elementor-element-ca78dda e-con-full elementor-hidden-mobile e-flex e-con e-parent\" data-id=\"ca78dda\" data-element_type=\"container\" data-e-type=\"container\" data-settings=\"{&quot;background_background&quot;:&quot;classic&quot;}\">\n\t\t<div class=\"elementor-element elementor-element-100a6c3 e-con-full e-flex e-con e-child\" data-id=\"100a6c3\" data-element_type=\"container\" data-e-type=\"container\">\n\t\t\t\t<div class=\"elementor-element elementor-element-42a55b3 elementor-widget elementor-widget-text-editor\" data-id=\"42a55b3\" data-element_type=\"widget\" data-e-type=\"widget\" data-widget_type=\"text-editor.default\">\n\t\t\t\t<div class=\"elementor-widget-container\">\n\t\t\t\t\t\t\t\t\t<p><a href=\"https:\/\/age-thea.eu\/?page_id=742\">Acas\u0103<\/a> | <a href=\"https:\/\/age-thea.eu\/?page_id=750\">Despre<\/a> | <a href=\"https:\/\/age-thea.eu\/?page_id=770\">Rezultatele proiectului<\/a> | <a href=\"https:\/\/age-thea.eu\/?page_id=764\">Parteneri<\/a> | <a href=\"https:\/\/age-thea.eu\/?page_id=783\">Platforma de formare<\/a> | <a href=\"https:\/\/age-thea.eu\/?page_id=759\">Contact<\/a> | <a href=\"https:\/\/age-thea.eu\/?page_id=1077\">NOUT\u0102\u021aI<\/a><\/p>\t\t\t\t\t\t\t\t<\/div>\n\t\t\t\t<\/div>\n\t\t\t\t<\/div>\n\t\t\t\t<\/div>\n\t\t<div class=\"elementor-element elementor-element-157e1b6 e-con-full elementor-hidden-desktop elementor-hidden-tablet e-flex e-con e-parent\" data-id=\"157e1b6\" data-element_type=\"container\" data-e-type=\"container\" data-settings=\"{&quot;background_background&quot;:&quot;classic&quot;}\">\n\t\t<div class=\"elementor-element elementor-element-7d2f271 e-con-full e-flex e-con e-child\" data-id=\"7d2f271\" data-element_type=\"container\" data-e-type=\"container\">\n\t\t\t\t<div class=\"elementor-element elementor-element-de21a96 elementor-widget elementor-widget-text-editor\" data-id=\"de21a96\" data-element_type=\"widget\" data-e-type=\"widget\" data-widget_type=\"text-editor.default\">\n\t\t\t\t<div class=\"elementor-widget-container\">\n\t\t\t\t\t\t\t\t\t<p><a href=\"https:\/\/age-thea.eu\/?page_id=742\">Acas\u0103<\/a> | <a href=\"https:\/\/age-thea.eu\/?page_id=750\">Despre<\/a> | <a href=\"https:\/\/age-thea.eu\/?page_id=770\">Rezultatele proiectului<\/a> | <a href=\"https:\/\/age-thea.eu\/?page_id=764\">Parteneri<\/a> | <a href=\"https:\/\/age-thea.eu\/?page_id=783\">Platforma de formare<\/a> | <a href=\"https:\/\/age-thea.eu\/?page_id=759\">Contact<\/a> | <a href=\"https:\/\/age-thea.eu\/?page_id=1077\">NOUT\u0102\u021aI<\/a><\/p>\t\t\t\t\t\t\t\t<\/div>\n\t\t\t\t<\/div>\n\t\t\t\t<\/div>\n\t\t\t\t<\/div>\n\t\t<div class=\"elementor-element elementor-element-3a793dc e-flex e-con-boxed e-con e-parent\" data-id=\"3a793dc\" data-element_type=\"container\" data-e-type=\"container\">\n\t\t\t\t\t<div class=\"e-con-inner\">\n\t\t\t\t<div class=\"elementor-element elementor-element-c4d767f elementor-hidden-mobile elementor-widget elementor-widget-shortcode\" data-id=\"c4d767f\" data-element_type=\"widget\" data-e-type=\"widget\" data-widget_type=\"shortcode.default\">\n\t\t\t\t<div class=\"elementor-widget-container\">\n\t\t\t\t\t\t\t<div class=\"elementor-shortcode\"><\/div>\n\t\t\t\t\t\t<\/div>\n\t\t\t\t<\/div>\n\t\t\t\t<div class=\"elementor-element elementor-element-0d62e1e elementor-hidden-desktop elementor-hidden-tablet elementor-widget elementor-widget-shortcode\" data-id=\"0d62e1e\" data-element_type=\"widget\" data-e-type=\"widget\" data-widget_type=\"shortcode.default\">\n\t\t\t\t<div class=\"elementor-widget-container\">\n\t\t\t\t\t\t\t<div class=\"elementor-shortcode\"><\/div>\n\t\t\t\t\t\t<\/div>\n\t\t\t\t<\/div>\n\t\t\t\t\t<\/div>\n\t\t\t\t<\/div>\n\t\t<div class=\"elementor-element elementor-element-07a3ed9 e-flex e-con-boxed e-con e-parent\" data-id=\"07a3ed9\" data-element_type=\"container\" data-e-type=\"container\">\n\t\t\t\t\t<div class=\"e-con-inner\">\n\t\t\t\t<div class=\"elementor-element elementor-element-5475af4 elementor-widget elementor-widget-heading\" data-id=\"5475af4\" data-element_type=\"widget\" data-e-type=\"widget\" data-widget_type=\"heading.default\">\n\t\t\t\t<div class=\"elementor-widget-container\">\n\t\t\t\t\t<h2 class=\"elementor-heading-title elementor-size-default\">Sunte\u021bi gata s\u0103 \u00eenv\u0103\u021ba\u021bi?<\/h2>\t\t\t\t<\/div>\n\t\t\t\t<\/div>\n\t\t\t\t<div class=\"elementor-element elementor-element-f000e84 elementor-widget elementor-widget-text-editor\" data-id=\"f000e84\" data-element_type=\"widget\" data-e-type=\"widget\" data-widget_type=\"text-editor.default\">\n\t\t\t\t<div class=\"elementor-widget-container\">\n\t\t\t\t\t\t\t\t\t<p>Face\u021bi clic pe butonul de mai jos pentru a v\u0103 conecta!<\/p>\t\t\t\t\t\t\t\t<\/div>\n\t\t\t\t<\/div>\n\t\t\t\t<div class=\"elementor-element elementor-element-8174ce1 elementor-align-center elementor-widget elementor-widget-button\" data-id=\"8174ce1\" data-element_type=\"widget\" data-e-type=\"widget\" data-widget_type=\"button.default\">\n\t\t\t\t<div class=\"elementor-widget-container\">\n\t\t\t\t\t\t\t\t\t<div class=\"elementor-button-wrapper\">\n\t\t\t\t\t<a class=\"elementor-button elementor-button-link elementor-size-sm\" href=\"https:\/\/age-thea.eu\/?page_id=3655\">\n\t\t\t\t\t\t<span class=\"elementor-button-content-wrapper\">\n\t\t\t\t\t\t\t\t\t<span class=\"elementor-button-text\">Conecta\u021bi-v\u0103<\/span>\n\t\t\t\t\t<\/span>\n\t\t\t\t\t<\/a>\n\t\t\t\t<\/div>\n\t\t\t\t\t\t\t\t<\/div>\n\t\t\t\t<\/div>\n\t\t\t\t<div class=\"elementor-element elementor-element-774c37e elementor-widget-divider--view-line elementor-widget elementor-widget-divider\" data-id=\"774c37e\" data-element_type=\"widget\" data-e-type=\"widget\" data-widget_type=\"divider.default\">\n\t\t\t\t<div class=\"elementor-widget-container\">\n\t\t\t\t\t\t\t<div class=\"elementor-divider\">\n\t\t\t<span class=\"elementor-divider-separator\">\n\t\t\t\t\t\t<\/span>\n\t\t<\/div>\n\t\t\t\t\t\t<\/div>\n\t\t\t\t<\/div>\n\t\t\t\t<div class=\"elementor-element elementor-element-7d77b4a elementor-widget elementor-widget-text-editor\" data-id=\"7d77b4a\" data-element_type=\"widget\" data-e-type=\"widget\" data-widget_type=\"text-editor.default\">\n\t\t\t\t<div class=\"elementor-widget-container\">\n\t\t\t\t\t\t\t\t\t<p>Nu ave\u021bi un cont? Nu ezita\u021bi \u0219i crea\u021bi unul!<\/p>\t\t\t\t\t\t\t\t<\/div>\n\t\t\t\t<\/div>\n\t\t\t\t<div class=\"elementor-element elementor-element-be06215 elementor-align-center elementor-widget elementor-widget-button\" data-id=\"be06215\" data-element_type=\"widget\" data-e-type=\"widget\" data-widget_type=\"button.default\">\n\t\t\t\t<div class=\"elementor-widget-container\">\n\t\t\t\t\t\t\t\t\t<div class=\"elementor-button-wrapper\">\n\t\t\t\t\t<a class=\"elementor-button elementor-button-link elementor-size-sm\" href=\"https:\/\/age-thea.eu\/?page_id=3659\">\n\t\t\t\t\t\t<span class=\"elementor-button-content-wrapper\">\n\t\t\t\t\t\t\t\t\t<span class=\"elementor-button-text\">Creare cont<\/span>\n\t\t\t\t\t<\/span>\n\t\t\t\t\t<\/a>\n\t\t\t\t<\/div>\n\t\t\t\t\t\t\t\t<\/div>\n\t\t\t\t<\/div>\n\t\t\t\t\t<\/div>\n\t\t\t\t<\/div>\n\t\t<div class=\"elementor-element elementor-element-01190f4 e-flex e-con-boxed e-con e-parent\" data-id=\"01190f4\" data-element_type=\"container\" data-e-type=\"container\" data-settings=\"{&quot;background_background&quot;:&quot;classic&quot;}\">\n\t\t\t\t\t<div class=\"e-con-inner\">\n\t\t<div class=\"elementor-element elementor-element-235a05b e-con-full e-flex e-con e-child\" data-id=\"235a05b\" data-element_type=\"container\" data-e-type=\"container\">\n\t\t\t\t<\/div>\n\t\t<div class=\"elementor-element elementor-element-a8eef31 e-con-full e-flex e-con e-child\" data-id=\"a8eef31\" data-element_type=\"container\" data-e-type=\"container\">\n\t\t\t\t<div class=\"elementor-element elementor-element-4ec93f8 elementor-widget elementor-widget-spacer\" data-id=\"4ec93f8\" data-element_type=\"widget\" data-e-type=\"widget\" data-widget_type=\"spacer.default\">\n\t\t\t\t<div class=\"elementor-widget-container\">\n\t\t\t\t\t\t\t<div class=\"elementor-spacer\">\n\t\t\t<div class=\"elementor-spacer-inner\"><\/div>\n\t\t<\/div>\n\t\t\t\t\t\t<\/div>\n\t\t\t\t<\/div>\n\t\t\t\t<div class=\"elementor-element elementor-element-25065b8 elementor-widget elementor-widget-image\" data-id=\"25065b8\" data-element_type=\"widget\" data-e-type=\"widget\" data-widget_type=\"image.default\">\n\t\t\t\t<div class=\"elementor-widget-container\">\n\t\t\t\t\t\t\t\t\t\t\t\t\t\t\t<img decoding=\"async\" width=\"300\" height=\"67\" src=\"https:\/\/age-thea.eu\/wp-content\/uploads\/2024\/11\/Romanian_Co-fundedbytheEU_RGB_POS-300x67.png\" class=\"attachment-medium size-medium wp-image-1340\" alt=\"\" srcset=\"https:\/\/age-thea.eu\/wp-content\/uploads\/2024\/11\/Romanian_Co-fundedbytheEU_RGB_POS-300x67.png 300w, https:\/\/age-thea.eu\/wp-content\/uploads\/2024\/11\/Romanian_Co-fundedbytheEU_RGB_POS-1024x229.png 1024w, https:\/\/age-thea.eu\/wp-content\/uploads\/2024\/11\/Romanian_Co-fundedbytheEU_RGB_POS-768x172.png 768w, https:\/\/age-thea.eu\/wp-content\/uploads\/2024\/11\/Romanian_Co-fundedbytheEU_RGB_POS-1536x344.png 1536w, https:\/\/age-thea.eu\/wp-content\/uploads\/2024\/11\/Romanian_Co-fundedbytheEU_RGB_POS-2048x458.png 2048w\" sizes=\"(max-width: 300px) 100vw, 300px\" \/>\t\t\t\t\t\t\t\t\t\t\t\t\t\t\t<\/div>\n\t\t\t\t<\/div>\n\t\t\t\t<div class=\"elementor-element elementor-element-0cb28ac elementor-widget elementor-widget-text-editor\" data-id=\"0cb28ac\" data-element_type=\"widget\" data-e-type=\"widget\" data-widget_type=\"text-editor.default\">\n\t\t\t\t<div class=\"elementor-widget-container\">\n\t\t\t\t\t\t\t\t\t<p>Num\u0103r proiect: 2023-1-RO01-KA220-ADU-00160973<\/p><p>\u201eFinan\u021bat de Uniunea European\u0103. Punctele de vedere \u0219i opiniile exprimate apar\u021bin, \u00eens\u0103, exclusiv autorului (autorilor) \u0219i nu reflect\u0103 neap\u0103rat punctele de vedere \u0219i opiniile Uniunii Europene sau ale Agen\u021biei Na\u021bionale pentru Programe Comunitare \u00een Domeniul Educa\u021biei \u0219i Form\u0103rii Profesionale (ANPCDEFP). Nici Uniunea European\u0103 \u0219i nici ANPCDEFP nu pot fi \u021binute r\u0103spunz\u0103toare pentru acestea.\u201d<\/p>\t\t\t\t\t\t\t\t<\/div>\n\t\t\t\t<\/div>\n\t\t\t\t<div class=\"elementor-element elementor-element-e9f08f8 elementor-widget elementor-widget-spacer\" data-id=\"e9f08f8\" data-element_type=\"widget\" data-e-type=\"widget\" data-widget_type=\"spacer.default\">\n\t\t\t\t<div class=\"elementor-widget-container\">\n\t\t\t\t\t\t\t<div class=\"elementor-spacer\">\n\t\t\t<div class=\"elementor-spacer-inner\"><\/div>\n\t\t<\/div>\n\t\t\t\t\t\t<\/div>\n\t\t\t\t<\/div>\n\t\t\t\t<\/div>\n\t\t<div class=\"elementor-element elementor-element-cfa7825 e-con-full e-flex e-con e-child\" data-id=\"cfa7825\" data-element_type=\"container\" data-e-type=\"container\">\n\t\t\t\t<\/div>\n\t\t\t\t\t<\/div>\n\t\t\t\t<\/div>\n\t\t\t\t<\/div>\n\t\t","protected":false},"excerpt":{"rendered":"<p>\ud83c\uddec\ud83c\udde7 I \ud83c\uddf5\ud83c\uddf9 I \ud83c\uddec\ud83c\uddf7 I \ud83c\uddee\ud83c\uddf9 I \ud83c\uddf7\ud83c\uddf4 \ud83c\uddec\ud83c\udde7 I \ud83c\uddf5\ud83c\uddf9 I \ud83c\uddec\ud83c\uddf7 I \ud83c\uddee\ud83c\uddf9 I \ud83c\uddf7\ud83c\uddf4 Acas\u0103 | Despre | Rezultatele proiectului |&hellip;<\/p>\n","protected":false},"author":1,"featured_media":0,"parent":0,"menu_order":0,"comment_status":"closed","ping_status":"closed","template":"elementor_canvas","meta":{"footnotes":""},"class_list":["post-3657","page","type-page","status-publish","hentry"],"jetpack_sharing_enabled":true,"jetpack_likes_enabled":true,"_links":{"self":[{"href":"https:\/\/age-thea.eu\/index.php?rest_route=\/wp\/v2\/pages\/3657","targetHints":{"allow":["GET"]}}],"collection":[{"href":"https:\/\/age-thea.eu\/index.php?rest_route=\/wp\/v2\/pages"}],"about":[{"href":"https:\/\/age-thea.eu\/index.php?rest_route=\/wp\/v2\/types\/page"}],"author":[{"embeddable":true,"href":"https:\/\/age-thea.eu\/index.php?rest_route=\/wp\/v2\/users\/1"}],"replies":[{"embeddable":true,"href":"https:\/\/age-thea.eu\/index.php?rest_route=%2Fwp%2Fv2%2Fcomments&post=3657"}],"version-history":[{"count":16,"href":"https:\/\/age-thea.eu\/index.php?rest_route=\/wp\/v2\/pages\/3657\/revisions"}],"predecessor-version":[{"id":4452,"href":"https:\/\/age-thea.eu\/index.php?rest_route=\/wp\/v2\/pages\/3657\/revisions\/4452"}],"wp:attachment":[{"href":"https:\/\/age-thea.eu\/index.php?rest_route=%2Fwp%2Fv2%2Fmedia&parent=3657"}],"curies":[{"name":"wp","href":"https:\/\/api.w.org\/{rel}","templated":true}]}}