{"id":1288,"date":"2024-10-11T14:41:27","date_gmt":"2024-10-11T14:41:27","guid":{"rendered":"https:\/\/age-thea.eu\/?page_id=1288"},"modified":"2025-06-25T07:53:12","modified_gmt":"2025-06-25T07:53:12","slug":"report_pt","status":"publish","type":"page","link":"https:\/\/age-thea.eu\/?page_id=1288","title":{"rendered":"Report_PT"},"content":{"rendered":"\t\t<div data-elementor-type=\"wp-page\" data-elementor-id=\"1288\" class=\"elementor elementor-1288\">\n\t\t\t\t<div class=\"elementor-element elementor-element-d2bd045 elementor-hidden-desktop elementor-hidden-tablet e-flex e-con-boxed e-con e-parent\" data-id=\"d2bd045\" data-element_type=\"container\" data-e-type=\"container\">\n\t\t\t\t\t<div class=\"e-con-inner\">\n\t\t<div class=\"elementor-element elementor-element-3a78cec e-con-full e-flex e-con e-child\" data-id=\"3a78cec\" data-element_type=\"container\" data-e-type=\"container\">\n\t\t\t\t<div class=\"elementor-element elementor-element-d88ce06 elementor-widget elementor-widget-text-editor\" data-id=\"d88ce06\" data-element_type=\"widget\" data-e-type=\"widget\" data-widget_type=\"text-editor.default\">\n\t\t\t\t<div class=\"elementor-widget-container\">\n\t\t\t\t\t\t\t\t\t<p><a href=\"https:\/\/age-thea.eu\/?page_id=937\">\ud83c\uddec\ud83c\udde7<\/a> I <a href=\"https:\/\/age-thea.eu\/?page_id=705\">\ud83c\uddf5\ud83c\uddf9<\/a> I <a href=\"https:\/\/age-thea.eu\/?page_id=944\">\ud83c\uddec\ud83c\uddf7<\/a> I <span class=\"x19la9d6 x1fc57z9 x6ikm8r x10wlt62 x19co3pv x1g5zs5t xfibh0p xiy17q3 x1xsqp64 x1lkfr7t xexx8yu x4uap5 x18d9i69 xkhd6sd\"><span class=\"xrtxmta x1bhl96m\"><a href=\"https:\/\/age-thea.eu\/?page_id=948\">\ud83c\uddee\ud83c\uddf9<\/a> I <a href=\"https:\/\/age-thea.eu\/?page_id=946\">\ud83c\uddf7\ud83c\uddf4<\/a><\/span><\/span><\/p>\t\t\t\t\t\t\t\t<\/div>\n\t\t\t\t<\/div>\n\t\t\t\t<\/div>\n\t\t<div class=\"elementor-element elementor-element-cfb2bc5 e-con-full e-flex e-con e-child\" data-id=\"cfb2bc5\" data-element_type=\"container\" data-e-type=\"container\">\n\t\t\t\t<div class=\"elementor-element elementor-element-53b8188 elementor-widget elementor-widget-image\" data-id=\"53b8188\" data-element_type=\"widget\" data-e-type=\"widget\" data-widget_type=\"image.default\">\n\t\t\t\t<div class=\"elementor-widget-container\">\n\t\t\t\t\t\t\t\t\t\t\t\t\t\t\t\t<a href=\"https:\/\/age-thea.eu\/?page_id=662\">\n\t\t\t\t\t\t\t<img decoding=\"async\" width=\"150\" height=\"150\" src=\"https:\/\/age-thea.eu\/wp-content\/uploads\/2024\/06\/cropped-cropped-Age_THEA-150x150.png\" class=\"attachment-thumbnail size-thumbnail wp-image-14\" alt=\"\" srcset=\"https:\/\/age-thea.eu\/wp-content\/uploads\/2024\/06\/cropped-cropped-Age_THEA-150x150.png 150w, https:\/\/age-thea.eu\/wp-content\/uploads\/2024\/06\/cropped-cropped-Age_THEA-300x300.png 300w, https:\/\/age-thea.eu\/wp-content\/uploads\/2024\/06\/cropped-cropped-Age_THEA-270x270.png 270w, https:\/\/age-thea.eu\/wp-content\/uploads\/2024\/06\/cropped-cropped-Age_THEA-192x192.png 192w, https:\/\/age-thea.eu\/wp-content\/uploads\/2024\/06\/cropped-cropped-Age_THEA-180x180.png 180w, https:\/\/age-thea.eu\/wp-content\/uploads\/2024\/06\/cropped-cropped-Age_THEA-32x32.png 32w, https:\/\/age-thea.eu\/wp-content\/uploads\/2024\/06\/cropped-cropped-Age_THEA.png 512w\" sizes=\"(max-width: 150px) 100vw, 150px\" \/>\t\t\t\t\t\t\t\t<\/a>\n\t\t\t\t\t\t\t\t\t\t\t\t\t\t\t<\/div>\n\t\t\t\t<\/div>\n\t\t\t\t<\/div>\n\t\t\t\t\t<\/div>\n\t\t\t\t<\/div>\n\t\t<div class=\"elementor-element elementor-element-4456340 elementor-hidden-mobile e-flex e-con-boxed e-con e-parent\" data-id=\"4456340\" data-element_type=\"container\" data-e-type=\"container\">\n\t\t\t\t\t<div class=\"e-con-inner\">\n\t\t<div class=\"elementor-element elementor-element-6f93b33 e-con-full e-flex e-con e-child\" data-id=\"6f93b33\" data-element_type=\"container\" data-e-type=\"container\">\n\t\t\t\t<div class=\"elementor-element elementor-element-0ccb004 elementor-widget elementor-widget-text-editor\" data-id=\"0ccb004\" data-element_type=\"widget\" data-e-type=\"widget\" data-widget_type=\"text-editor.default\">\n\t\t\t\t<div class=\"elementor-widget-container\">\n\t\t\t\t\t\t\t\t\t<p><a href=\"https:\/\/age-thea.eu\/?page_id=937\">\ud83c\uddec\ud83c\udde7<\/a> I <a href=\"https:\/\/age-thea.eu\/?page_id=705\">\ud83c\uddf5\ud83c\uddf9<\/a> I <a href=\"https:\/\/age-thea.eu\/?page_id=944\">\ud83c\uddec\ud83c\uddf7<\/a> I <span class=\"x19la9d6 x1fc57z9 x6ikm8r x10wlt62 x19co3pv x1g5zs5t xfibh0p xiy17q3 x1xsqp64 x1lkfr7t xexx8yu x4uap5 x18d9i69 xkhd6sd\"><span class=\"xrtxmta x1bhl96m\"><a href=\"https:\/\/age-thea.eu\/?page_id=948\">\ud83c\uddee\ud83c\uddf9<\/a> I <a href=\"https:\/\/age-thea.eu\/?page_id=946\">\ud83c\uddf7\ud83c\uddf4<\/a><\/span><\/span><\/p>\t\t\t\t\t\t\t\t<\/div>\n\t\t\t\t<\/div>\n\t\t\t\t<\/div>\n\t\t<div class=\"elementor-element elementor-element-ae06e79 e-con-full e-flex e-con e-child\" data-id=\"ae06e79\" data-element_type=\"container\" data-e-type=\"container\">\n\t\t\t\t<div class=\"elementor-element elementor-element-4f067bd elementor-widget elementor-widget-image\" data-id=\"4f067bd\" data-element_type=\"widget\" data-e-type=\"widget\" data-widget_type=\"image.default\">\n\t\t\t\t<div class=\"elementor-widget-container\">\n\t\t\t\t\t\t\t\t\t\t\t\t\t\t\t\t<a href=\"https:\/\/age-thea.eu\/?page_id=662\">\n\t\t\t\t\t\t\t<img fetchpriority=\"high\" decoding=\"async\" width=\"512\" height=\"512\" src=\"https:\/\/age-thea.eu\/wp-content\/uploads\/2024\/06\/cropped-cropped-Age_THEA.png\" class=\"attachment-large size-large wp-image-14\" alt=\"\" srcset=\"https:\/\/age-thea.eu\/wp-content\/uploads\/2024\/06\/cropped-cropped-Age_THEA.png 512w, https:\/\/age-thea.eu\/wp-content\/uploads\/2024\/06\/cropped-cropped-Age_THEA-300x300.png 300w, https:\/\/age-thea.eu\/wp-content\/uploads\/2024\/06\/cropped-cropped-Age_THEA-150x150.png 150w, https:\/\/age-thea.eu\/wp-content\/uploads\/2024\/06\/cropped-cropped-Age_THEA-270x270.png 270w, https:\/\/age-thea.eu\/wp-content\/uploads\/2024\/06\/cropped-cropped-Age_THEA-192x192.png 192w, https:\/\/age-thea.eu\/wp-content\/uploads\/2024\/06\/cropped-cropped-Age_THEA-180x180.png 180w, https:\/\/age-thea.eu\/wp-content\/uploads\/2024\/06\/cropped-cropped-Age_THEA-32x32.png 32w\" sizes=\"(max-width: 512px) 100vw, 512px\" \/>\t\t\t\t\t\t\t\t<\/a>\n\t\t\t\t\t\t\t\t\t\t\t\t\t\t\t<\/div>\n\t\t\t\t<\/div>\n\t\t\t\t<\/div>\n\t\t<div class=\"elementor-element elementor-element-668fbf0 e-con-full e-flex e-con e-child\" data-id=\"668fbf0\" data-element_type=\"container\" data-e-type=\"container\">\n\t\t\t\t<\/div>\n\t\t\t\t\t<\/div>\n\t\t\t\t<\/div>\n\t\t<div class=\"elementor-element elementor-element-6bf33e6 e-con-full elementor-hidden-desktop elementor-hidden-tablet e-flex e-con e-parent\" data-id=\"6bf33e6\" data-element_type=\"container\" data-e-type=\"container\" data-settings=\"{&quot;background_background&quot;:&quot;classic&quot;}\">\n\t\t<div class=\"elementor-element elementor-element-4c296d0 e-con-full e-flex e-con e-child\" data-id=\"4c296d0\" data-element_type=\"container\" data-e-type=\"container\">\n\t\t\t\t<div class=\"elementor-element elementor-element-d673c9e elementor-widget elementor-widget-text-editor\" data-id=\"d673c9e\" data-element_type=\"widget\" data-e-type=\"widget\" data-widget_type=\"text-editor.default\">\n\t\t\t\t<div class=\"elementor-widget-container\">\n\t\t\t\t\t\t\t\t\t<p><a href=\"https:\/\/age-thea.eu\/?page_id=662\">P\u00e1gina Inicial<\/a>\u00a0 | <a href=\"https:\/\/age-thea.eu\/?page_id=683\">Sobre<\/a> | <a href=\"https:\/\/age-thea.eu\/?page_id=705\">Resultados do projeto<\/a> | <a href=\"https:\/\/age-thea.eu\/?page_id=699\">Parceiros<\/a> |<a href=\"https:\/\/age-thea.eu\/?page_id=714\"> Plataforma de forma\u00e7\u00e3o<\/a> | <a href=\"https:\/\/age-thea.eu\/?page_id=694\">Contacto<\/a> | <a href=\"https:\/\/age-thea.eu\/?page_id=1071\">News<\/a><\/p>\t\t\t\t\t\t\t\t<\/div>\n\t\t\t\t<\/div>\n\t\t\t\t<\/div>\n\t\t\t\t<\/div>\n\t\t<div class=\"elementor-element elementor-element-c5f39a1 e-con-full elementor-hidden-mobile e-flex e-con e-parent\" data-id=\"c5f39a1\" data-element_type=\"container\" data-e-type=\"container\" data-settings=\"{&quot;background_background&quot;:&quot;classic&quot;}\">\n\t\t<div class=\"elementor-element elementor-element-fb4cc72 e-con-full e-flex e-con e-child\" data-id=\"fb4cc72\" data-element_type=\"container\" data-e-type=\"container\">\n\t\t\t\t<div class=\"elementor-element elementor-element-fe3ce58 elementor-widget elementor-widget-text-editor\" data-id=\"fe3ce58\" data-element_type=\"widget\" data-e-type=\"widget\" data-widget_type=\"text-editor.default\">\n\t\t\t\t<div class=\"elementor-widget-container\">\n\t\t\t\t\t\t\t\t\t<p><a href=\"https:\/\/age-thea.eu\/?page_id=662\">P\u00e1gina Inicial<\/a>\u00a0 | <a href=\"https:\/\/age-thea.eu\/?page_id=683\">Sobre<\/a> | <a href=\"https:\/\/age-thea.eu\/?page_id=705\">Resultados do projeto<\/a> | <a href=\"https:\/\/age-thea.eu\/?page_id=699\">Parceiros<\/a> |<a href=\"https:\/\/age-thea.eu\/?page_id=714\"> Plataforma de forma\u00e7\u00e3o<\/a> | <a href=\"https:\/\/age-thea.eu\/?page_id=694\">Contacto<\/a> | <a href=\"https:\/\/age-thea.eu\/?page_id=1071\">News<\/a><\/p>\t\t\t\t\t\t\t\t<\/div>\n\t\t\t\t<\/div>\n\t\t\t\t<\/div>\n\t\t\t\t<\/div>\n\t\t<div class=\"elementor-element elementor-element-b1d7576 elementor-hidden-mobile e-flex e-con-boxed e-con e-parent\" data-id=\"b1d7576\" data-element_type=\"container\" data-e-type=\"container\">\n\t\t\t\t\t<div class=\"e-con-inner\">\n\t\t\t\t<div class=\"elementor-element elementor-element-9a78a1b elementor-hidden-tablet elementor-hidden-mobile elementor-widget elementor-widget-shortcode\" data-id=\"9a78a1b\" data-element_type=\"widget\" data-e-type=\"widget\" data-widget_type=\"shortcode.default\">\n\t\t\t\t<div class=\"elementor-widget-container\">\n\t\t\t\t\t\t\t<div class=\"elementor-shortcode\"><\/div>\n\t\t\t\t\t\t<\/div>\n\t\t\t\t<\/div>\n\t\t\t\t\t<\/div>\n\t\t\t\t<\/div>\n\t\t<div class=\"elementor-element elementor-element-81d5135 elementor-hidden-desktop e-flex e-con-boxed e-con e-parent\" data-id=\"81d5135\" data-element_type=\"container\" data-e-type=\"container\">\n\t\t\t\t\t<div class=\"e-con-inner\">\n\t\t\t\t<div class=\"elementor-element elementor-element-c471e31 elementor-widget elementor-widget-shortcode\" data-id=\"c471e31\" data-element_type=\"widget\" data-e-type=\"widget\" data-widget_type=\"shortcode.default\">\n\t\t\t\t<div class=\"elementor-widget-container\">\n\t\t\t\t\t\t\t<div class=\"elementor-shortcode\"><\/div>\n\t\t\t\t\t\t<\/div>\n\t\t\t\t<\/div>\n\t\t\t\t\t<\/div>\n\t\t\t\t<\/div>\n\t\t<div class=\"elementor-element elementor-element-6e5e385 e-flex e-con-boxed e-con e-parent\" data-id=\"6e5e385\" data-element_type=\"container\" data-e-type=\"container\">\n\t\t\t\t\t<div class=\"e-con-inner\">\n\t\t\t\t<div class=\"elementor-element elementor-element-f24ad8e elementor-widget elementor-widget-spacer\" data-id=\"f24ad8e\" data-element_type=\"widget\" data-e-type=\"widget\" data-widget_type=\"spacer.default\">\n\t\t\t\t<div class=\"elementor-widget-container\">\n\t\t\t\t\t\t\t<div class=\"elementor-spacer\">\n\t\t\t<div class=\"elementor-spacer-inner\"><\/div>\n\t\t<\/div>\n\t\t\t\t\t\t<\/div>\n\t\t\t\t<\/div>\n\t\t\t\t\t<\/div>\n\t\t\t\t<\/div>\n\t\t<div class=\"elementor-element elementor-element-7503eea e-flex e-con-boxed e-con e-parent\" data-id=\"7503eea\" data-element_type=\"container\" data-e-type=\"container\">\n\t\t\t\t\t<div class=\"e-con-inner\">\n\t\t\t\t<div class=\"elementor-element elementor-element-c65141f elementor-widget__width-initial elementor-widget elementor-widget-text-editor\" data-id=\"c65141f\" data-element_type=\"widget\" data-e-type=\"widget\" data-widget_type=\"text-editor.default\">\n\t\t\t\t<div class=\"elementor-widget-container\">\n\t\t\t\t\t\t\t\t\t<p class=\"p1\">Relat\u00f3rio de an\u00e1lise do papel do teatro para melhorar o bem-estar psicossocial dos idosos<\/p>\t\t\t\t\t\t\t\t<\/div>\n\t\t\t\t<\/div>\n\t\t\t\t<div class=\"elementor-element elementor-element-acda992 elementor-widget elementor-widget-text-editor\" data-id=\"acda992\" data-element_type=\"widget\" data-e-type=\"widget\" data-widget_type=\"text-editor.default\">\n\t\t\t\t<div class=\"elementor-widget-container\">\n\t\t\t\t\t\t\t\t\t<p>O Pacote de Trabalho de An\u00e1lise e Avalia\u00e7\u00e3o (WP2) do projeto visa estudar o papel e os impactos do teatro no bem-estar psicossocial dos idosos, especialmente os afectados por dem\u00eancia, dist\u00farbios neurol\u00f3gicos, Alzheimer, baixos rendimentos, discrimina\u00e7\u00e3o e isolamento, exacerbados pela pandemia da COVID-19. Alinha-se com o objetivo mais amplo do projeto de investigar como as actividades culturais e teatrais podem combater os efeitos negativos da pandemia na sa\u00fade psicossocial dos idosos. Os principais resultados incluem uma an\u00e1lise detalhada sobre o papel do teatro na preven\u00e7\u00e3o e no tratamento de problemas de sa\u00fade mental entre os idosos, investiga\u00e7\u00f5es nacionais, trabalho de campo em v\u00e1rios pa\u00edses e um relat\u00f3rio sobre &#8220;o papel do teatro para melhorar o bem-estar psicossocial dos idosos&#8221;. Cada organiza\u00e7\u00e3o parceira contribui para o WP de acordo com as suas compet\u00eancias, com a Universidade da \u00c1tica Ocidental (UNIWA) a liderar o esfor\u00e7o. A UNIWA supervisiona o desenvolvimento do relat\u00f3rio de an\u00e1lise, com cada parceiro a realizar investiga\u00e7\u00e3o documental e trabalho de campo no seu pa\u00eds. A EDRA avalia a qualidade do relat\u00f3rio, enquanto a RC se ocupa das actividades de divulga\u00e7\u00e3o.<\/p>\t\t\t\t\t\t\t\t<\/div>\n\t\t\t\t<\/div>\n\t\t\t\t<div class=\"elementor-element elementor-element-e48bd2e elementor-widget elementor-widget-shortcode\" data-id=\"e48bd2e\" data-element_type=\"widget\" data-e-type=\"widget\" data-widget_type=\"shortcode.default\">\n\t\t\t\t<div class=\"elementor-widget-container\">\n\t\t\t\t\t\t\t<div class=\"elementor-shortcode\"><div class=\"_df_book df-lite\" id=\"df_1303\"  _slug=\"report_it-2\" data-title=\"report_pt\" wpoptions=\"true\" thumbtype=\"\" ><\/div><script class=\"df-shortcode-script\" nowprocket type=\"application\/javascript\">window.option_df_1303 = {\"outline\":[],\"autoEnableOutline\":\"false\",\"autoEnableThumbnail\":\"false\",\"overwritePDFOutline\":\"false\",\"direction\":\"1\",\"pageSize\":\"0\",\"source\":\"https:\\\/\\\/age-thea.eu\\\/wp-content\\\/uploads\\\/2024\\\/10\\\/AGE_THEA-WP2-REPORT_PORTUGUESE.pdf\",\"wpOptions\":\"true\"}; if(window.DFLIP && window.DFLIP.parseBooks){window.DFLIP.parseBooks();}<\/script><\/div>\n\t\t\t\t\t\t<\/div>\n\t\t\t\t<\/div>\n\t\t\t\t<div class=\"elementor-element elementor-element-c7a2eb5 elementor-align-center elementor-widget elementor-widget-button\" data-id=\"c7a2eb5\" data-element_type=\"widget\" data-e-type=\"widget\" data-widget_type=\"button.default\">\n\t\t\t\t<div class=\"elementor-widget-container\">\n\t\t\t\t\t\t\t\t\t<div class=\"elementor-button-wrapper\">\n\t\t\t\t\t<a class=\"elementor-button elementor-button-link elementor-size-sm\" href=\"https:\/\/age-thea.eu?download=1297&#038;tmstv=1728658133\">\n\t\t\t\t\t\t<span class=\"elementor-button-content-wrapper\">\n\t\t\t\t\t\t\t\t\t<span class=\"elementor-button-text\">Download<\/span>\n\t\t\t\t\t<\/span>\n\t\t\t\t\t<\/a>\n\t\t\t\t<\/div>\n\t\t\t\t\t\t\t\t<\/div>\n\t\t\t\t<\/div>\n\t\t\t\t<div class=\"elementor-element elementor-element-96e2018 elementor-widget elementor-widget-spacer\" data-id=\"96e2018\" data-element_type=\"widget\" data-e-type=\"widget\" data-widget_type=\"spacer.default\">\n\t\t\t\t<div class=\"elementor-widget-container\">\n\t\t\t\t\t\t\t<div class=\"elementor-spacer\">\n\t\t\t<div class=\"elementor-spacer-inner\"><\/div>\n\t\t<\/div>\n\t\t\t\t\t\t<\/div>\n\t\t\t\t<\/div>\n\t\t\t\t\t<\/div>\n\t\t\t\t<\/div>\n\t\t<div class=\"elementor-element elementor-element-9db84f7 e-flex e-con-boxed e-con e-parent\" data-id=\"9db84f7\" data-element_type=\"container\" data-e-type=\"container\" data-settings=\"{&quot;background_background&quot;:&quot;classic&quot;}\">\n\t\t\t\t\t<div class=\"e-con-inner\">\n\t\t<div class=\"elementor-element elementor-element-c2bdeab e-con-full e-flex e-con e-child\" data-id=\"c2bdeab\" data-element_type=\"container\" data-e-type=\"container\">\n\t\t\t\t<\/div>\n\t\t<div class=\"elementor-element elementor-element-161ee09 e-con-full e-flex e-con e-child\" data-id=\"161ee09\" data-element_type=\"container\" data-e-type=\"container\">\n\t\t\t\t<div class=\"elementor-element elementor-element-04e805a elementor-widget elementor-widget-spacer\" data-id=\"04e805a\" data-element_type=\"widget\" data-e-type=\"widget\" data-widget_type=\"spacer.default\">\n\t\t\t\t<div class=\"elementor-widget-container\">\n\t\t\t\t\t\t\t<div class=\"elementor-spacer\">\n\t\t\t<div class=\"elementor-spacer-inner\"><\/div>\n\t\t<\/div>\n\t\t\t\t\t\t<\/div>\n\t\t\t\t<\/div>\n\t\t\t\t<div class=\"elementor-element elementor-element-e81c71f elementor-widget elementor-widget-image\" data-id=\"e81c71f\" data-element_type=\"widget\" data-e-type=\"widget\" data-widget_type=\"image.default\">\n\t\t\t\t<div class=\"elementor-widget-container\">\n\t\t\t\t\t\t\t\t\t\t\t\t\t\t\t<img decoding=\"async\" width=\"300\" height=\"71\" src=\"https:\/\/age-thea.eu\/wp-content\/uploads\/2024\/11\/Portuguese_Co-fundedbytheEU_RGB_POS-300x71.png\" class=\"attachment-medium size-medium wp-image-1390\" alt=\"\" srcset=\"https:\/\/age-thea.eu\/wp-content\/uploads\/2024\/11\/Portuguese_Co-fundedbytheEU_RGB_POS-300x71.png 300w, https:\/\/age-thea.eu\/wp-content\/uploads\/2024\/11\/Portuguese_Co-fundedbytheEU_RGB_POS-1024x242.png 1024w, https:\/\/age-thea.eu\/wp-content\/uploads\/2024\/11\/Portuguese_Co-fundedbytheEU_RGB_POS-768x181.png 768w, https:\/\/age-thea.eu\/wp-content\/uploads\/2024\/11\/Portuguese_Co-fundedbytheEU_RGB_POS-1536x363.png 1536w, https:\/\/age-thea.eu\/wp-content\/uploads\/2024\/11\/Portuguese_Co-fundedbytheEU_RGB_POS-2048x483.png 2048w\" sizes=\"(max-width: 300px) 100vw, 300px\" \/>\t\t\t\t\t\t\t\t\t\t\t\t\t\t\t<\/div>\n\t\t\t\t<\/div>\n\t\t\t\t<div class=\"elementor-element elementor-element-6116311 elementor-widget elementor-widget-text-editor\" data-id=\"6116311\" data-element_type=\"widget\" data-e-type=\"widget\" data-widget_type=\"text-editor.default\">\n\t\t\t\t<div class=\"elementor-widget-container\">\n\t\t\t\t\t\t\t\t\t<p>Projeto n.\u00ba 2 02 3 &#8211; 1 &#8211; R O 01 &#8211; K A 2 2 0 &#8211; A D U &#8211; 0001 6 09 7 3<\/p><p>&#8220;Financiado pela Uni\u00e3o Europeia. As opini\u00f5es expressas s\u00e3o exclusivamente da\/do(s) autor(a)(es) e n\u00e3o refletem necessariamente as opini\u00f5es da Uni\u00e3o Europeia ou da Ag\u00eancia Nacional para Programas Comunit\u00e1rios no Dom\u00ednio da Educa\u00e7\u00e3o e Forma\u00e7\u00e3o Profissional (ANPCDEFP). Nem a Uni\u00e3o Europeia nem a ANPCDEFP podem ser responsabilizadas por elas.&#8221;<\/p>\t\t\t\t\t\t\t\t<\/div>\n\t\t\t\t<\/div>\n\t\t\t\t<div class=\"elementor-element elementor-element-921c703 elementor-widget elementor-widget-spacer\" data-id=\"921c703\" data-element_type=\"widget\" data-e-type=\"widget\" data-widget_type=\"spacer.default\">\n\t\t\t\t<div class=\"elementor-widget-container\">\n\t\t\t\t\t\t\t<div class=\"elementor-spacer\">\n\t\t\t<div class=\"elementor-spacer-inner\"><\/div>\n\t\t<\/div>\n\t\t\t\t\t\t<\/div>\n\t\t\t\t<\/div>\n\t\t\t\t<\/div>\n\t\t<div class=\"elementor-element elementor-element-9dd652d e-con-full e-flex e-con e-child\" data-id=\"9dd652d\" data-element_type=\"container\" data-e-type=\"container\">\n\t\t\t\t<\/div>\n\t\t\t\t\t<\/div>\n\t\t\t\t<\/div>\n\t\t\t\t<\/div>\n\t\t","protected":false},"excerpt":{"rendered":"<p>\ud83c\uddec\ud83c\udde7 I \ud83c\uddf5\ud83c\uddf9 I \ud83c\uddec\ud83c\uddf7 I \ud83c\uddee\ud83c\uddf9 I \ud83c\uddf7\ud83c\uddf4 \ud83c\uddec\ud83c\udde7 I \ud83c\uddf5\ud83c\uddf9 I \ud83c\uddec\ud83c\uddf7 I \ud83c\uddee\ud83c\uddf9 I \ud83c\uddf7\ud83c\uddf4 P\u00e1gina Inicial\u00a0 | Sobre | Resultados do&hellip;<\/p>\n","protected":false},"author":1,"featured_media":0,"parent":0,"menu_order":0,"comment_status":"closed","ping_status":"closed","template":"elementor_canvas","meta":{"footnotes":""},"class_list":["post-1288","page","type-page","status-publish","hentry"],"jetpack_sharing_enabled":true,"jetpack_likes_enabled":true,"_links":{"self":[{"href":"https:\/\/age-thea.eu\/index.php?rest_route=\/wp\/v2\/pages\/1288","targetHints":{"allow":["GET"]}}],"collection":[{"href":"https:\/\/age-thea.eu\/index.php?rest_route=\/wp\/v2\/pages"}],"about":[{"href":"https:\/\/age-thea.eu\/index.php?rest_route=\/wp\/v2\/types\/page"}],"author":[{"embeddable":true,"href":"https:\/\/age-thea.eu\/index.php?rest_route=\/wp\/v2\/users\/1"}],"replies":[{"embeddable":true,"href":"https:\/\/age-thea.eu\/index.php?rest_route=%2Fwp%2Fv2%2Fcomments&post=1288"}],"version-history":[{"count":22,"href":"https:\/\/age-thea.eu\/index.php?rest_route=\/wp\/v2\/pages\/1288\/revisions"}],"predecessor-version":[{"id":5325,"href":"https:\/\/age-thea.eu\/index.php?rest_route=\/wp\/v2\/pages\/1288\/revisions\/5325"}],"wp:attachment":[{"href":"https:\/\/age-thea.eu\/index.php?rest_route=%2Fwp%2Fv2%2Fmedia&parent=1288"}],"curies":[{"name":"wp","href":"https:\/\/api.w.org\/{rel}","templated":true}]}}